{"id":863,"date":"2016-01-15T11:48:12","date_gmt":"2016-01-15T11:48:12","guid":{"rendered":"https:\/\/bergetalent.es\/aviso-legal\/?lang=en"},"modified":"2024-01-17T14:47:57","modified_gmt":"2024-01-17T13:47:57","slug":"legal-note","status":"publish","type":"page","link":"https:\/\/bergetalent.es\/en\/legal-note\/","title":{"rendered":"LEGAL NOTE"},"content":{"rendered":"<p><strong>BERG\u00c9 Y C\u00cdA, S.A.<\/strong>, hereinafter known as\u00a0<strong>BERG\u00c9<\/strong>\u00a0with principal place of business at Alcal\u00e1 St., n\u00ba 65. 28014 Madrid and TIN A \u2013 48029565. Vizcaya Commercial Registry.\u00a0 Volume 240, Folio 169, Page 387.Phone 91 151 09 00.\u00a0<a href=\"mailto:comunicacion@bergeycia.es\">comunicacion@bergeycia.es<\/a><\/p>\n<p><strong>This website has been created to information about\u00a0the\u00a0<em>BERG\u00c9 INTERNATIONAL TALENT PROGRAMME<\/em>,\u00a0result of an agreement with prestigious universities in Korea and Japan.<\/strong><\/p>\n<p>By accessing this web site, you accept the following terms and conditions.<\/p>\n<p>The clauses mentioned below govern this web site\u2019s terms, conditions and privacy<\/p>\n<p>Simply accessing this web site does not mean establishing any business relationship between BERG\u00c9 and the user.<\/p>\n<p>Access and navigation at this web site means accepting and knowing the legal notices, conditions and terms of use set forth therein.<\/p>\n<p><strong>Currentness<\/strong><\/p>\n<p>The information appearing at this web site is the information in force upon the date of its last update. BERG\u00c9 reserves the right to update, modify or eliminate this web site\u2019s information.<\/p>\n<p><strong>Modification of the information<\/strong><\/p>\n<p>This web site may not be altered, changed, modified or adapted. Nevertheless, BERG\u00c9 reserves the right to make, at any time, any and all changes and modifications it sees fit; it may make use of said right at any time and without prior notice with regard to the availability of models, characteristics and equipment.<\/p>\n<p>BERG\u00c9 reserves the right to unilaterally modify this web site\u2019s conditions and terms of use. Any modification of same shall be announced at the proper time. The entry into force of the modifications of the terms of use shall come about the moment they are published on this web site.<\/p>\n<p><strong>Contents<\/strong><\/p>\n<p>The BERG\u00c9 site has information of the\u00a0<strong>BERG\u00c9 INTERNATIONAL TALENT PROGRAMME<\/strong>.<\/p>\n<p>BERG\u00c9 makes a maximum effort to avoid any error in the contents that might appear on this web site. BERG\u00c9 neither guarantees, nor does it hold itself responsible for the consequences that might arise out of the errors in the contents that might appear at this web site.<\/p>\n<p>BERG\u00c9 assumes no liability whatsoever for the discrepancies that might exist between the printed documents and the electronic version published on this web site. In the event of discrepancy between the printed version and the one published at the web site, the printed version shall prevail except for the provisions for misprints and updates.<\/p>\n<p>The information, contents and data of any kind on the pages at this web site are checked before publication. Nevertheless, it is not possible to guarantee that they are absolutely free of misprints, typing errors, layout defects and equivalent problems, whereby BERG\u00c9 recommends users to be alert to possible updates or rectifications that the web site may incorporate. They should confirm the data of essential interest to them through personal, telephone or fax channels of communication provided on these same pages and in the media.<\/p>\n<p><strong>Exclusively informative purpose<\/strong><\/p>\n<p>All of the information included at this site and in its promotional programs have exclusively informative purposes.<\/p>\n<p><strong>Links on the web site<\/strong><\/p>\n<p>BERG\u00c9 is in no way liable for those contents, business activities, included products and services that may be viewed via links, directly or indirectly via this web site, especially those that may correspond to added value contents for the user such as leisure, entertainment, curiosities, advise, etc., and to those web sites of brands sponsored by BERG\u00c9.<\/p>\n<p>The presence of links at the BERG\u00c9 web site, unless expressly otherwise stated, has a merely informative purpose, and under no circumstances does it mean a suggestion, invitation or recommendation for them. These links do not represent any type of relationship between BERG\u00c9 and the private individuals or companies that own the web site and those that may access it via these links, nor between BERG\u00c9 and the centers or institutions sponsored by BERG\u00c9 or with those with which it participates.<\/p>\n<p>BERG\u00c9 reserves the right to unilaterally, and at any time, remove the links that appear on its web site.<\/p>\n<p><strong>Navigation, access and safety<\/strong><\/p>\n<p>Access and navigation at this web site means accepting and knowing the legal notices, conditions and terms of use set forth therein. BERG\u00c9 makes its best effort for navigation to take place under the best condition, and so that damage of any kind that may arise during navigation is prevented.<\/p>\n<p>This web site was designed to support the following browsers: IE9,\u00a0IE10,\u00a0IE11,\u00a0Firefox,\u00a0Safari,\u00a0Opera,\u00a0Chrome.<\/p>\n<p>BERG\u00c9 is not responsible for damages to users of any kind from using other browsers or different versions of the browsers for which this web site was designed.<\/p>\n<p>Access to this web site is gained in an insecure environment, whereby the information is transmitted unencrypted.<\/p>\n<p>BERG\u00c9 is not responsible for, nor does it guarantee that access to this web site is uninterrupted or that it will be error free. Nor is it responsible for, nor does it guarantee that the contents or software to which may be accessed via this web site is error free or cause damage. Under no circumstances will BERG\u00c9 be responsible for losses or damages of any kind that may arise out of access and the use of the web page, including, but not limited to those caused to the computer systems or by the introduction of a virus. BERG\u00c9 is not responsible for the damages that may be caused to the users from improper use of this web site.<\/p>\n<p><strong>Copyright<\/strong><\/p>\n<p>This web site and the contents herein are protected by Copyright laws. They may not be the object of exploitation, reproduction, distribution, modification, public communication, transfer or transformation. Access to this web site does not grant the users the right or any ownership of the intellectual property rights of the contents hosted on this web site.<\/p>\n<p>The contents of this web site may be downloaded to the user terminal provided it is for immediate private use, without any commercial purpose. Therefore, users may not exploit, reproduce, distribute, modify, publicly communicate, transfer, transform or use the contents of this web site for public or commercial purposes.<\/p>\n<p>BERG\u00c9 does not transfer ownership of its software to users. The user is the owner of the media on which the software is recorded. BERG\u00c9 retains all industrial and intellectual property rights, including the software. If users transfer software from this web site to their terminals, they may not dissect it in order to study it or decompile it, translate the original object code version or its language into another code or language.<\/p>\n<p><strong>Trademarks<\/strong><\/p>\n<p>All brands, logos and anagrams displayed on this site are the property of BERG\u00c9 or third party companies. It is prohibited to use them, permanently download them, copy them or distribute them by any means without written permission from BERG\u00c9 or the third party company.<\/p>\n<p><strong>Legal action<\/strong><\/p>\n<p>BERG\u00c9 reserves the possibility of exercising the relevant legal actions against the users who violate or infringe upon the intellectual and industrial property rights.<\/p>\n<p><strong>Privacy Policy<\/strong><\/p>\n<p><strong>MODIFICACIONES EN CL\u00c1USULAS DE PROTECCI\u00d3N DE DATOS DE AVISOS LEGALES WEB<\/strong><\/p>\n<p><strong>Identificaci\u00f3n del Responsable de Tratamiento:<\/strong><\/p>\n<p>Identidad: BERG\u00c9 Y C\u00cdA., S.A.<\/p>\n<p>Direcci\u00f3n: ALCAL\u00c1, 65, 28014 MADRID<\/p>\n<p>Tel\u00e9fono: 91 360 14 30<\/p>\n<p>Correo electr\u00f3nico: comunicacion@bergeycia.es<\/p>\n<p>Delegado de Protecci\u00f3n de Datos: <a class=\"mailto-link\" href=\"mailto:privacidad@bergeycia.es\" target=\"_blank\" rel=\"noopener\">privacidad@bergeycia.es<\/a>.<\/p>\n<p><strong>Finalidad del Tratamiento de sus datos personales:<\/strong><\/p>\n<p>La finalidad del tratamiento ser\u00e1 la de gestionar la petici\u00f3n realizada a trav\u00e9s de la web ya sea a trav\u00e9s de formulario de contacto o cualquier otro tipo de impreso on line, o bien a trav\u00e9s de una petici\u00f3n por correo electr\u00f3nico. Tal petici\u00f3n podr\u00e1 ser, sin car\u00e1cter limitativo, la gesti\u00f3n de una petici\u00f3n, la contestaci\u00f3n a una solicitud de informaci\u00f3n comercial, la solicitud de empleo o, en su caso, el alta en boletines informativos de la empresa, as\u00ed como cualquier otra interacci\u00f3n entre el usuario de la web y BERG\u00c9 Y C\u00cdA., S.A. que tienda a satisfacer la necesidad del usuario. Todos los datos solicitados son necesarios para poder atender la solicitud.<\/p>\n<p>El acceso a este sitio web puede implicar la utilizaci\u00f3n de cookies. Las cookies son peque\u00f1as cantidades de informaci\u00f3n que se almacenan en el navegador utilizado por el usuario, de manera que el servidor registra informaci\u00f3n que puede utilizarse en accesos posteriores. La informaci\u00f3n almacenada permite identificar a un usuario concreto y tener registrada informaci\u00f3n sobre sus preferencias, p\u00e1ginas que visite, etc. Si no desea permitir la instalaci\u00f3n de cookies en su ordenador deber\u00e1 configurar su navegador a tal efecto.<\/p>\n<p><strong>Tiempo de conservaci\u00f3n<\/strong><\/p>\n<p>La informaci\u00f3n relativa a su persona ser\u00e1 conservada durante el periodo de vigencia de la relaci\u00f3n comercial, o el inter\u00e9s por el que est\u00e9 leyendo la presente pol\u00edtica (por ejemplo, si ha enviado un CV, o se ha suscrito a una newsletter) mientras no se solicite la supresi\u00f3n de sus datos, durante el plazo de prescripci\u00f3n de las acciones que pudieran surgir en relaci\u00f3n con el presente contrato; as\u00ed como por cualquier reclamaci\u00f3n que pudi\u00e9ramos recibir por parte de organismos oficiales en cumplimiento de normas legislativas.<\/p>\n<p><strong>Informaci\u00f3n para enviarle comunicaciones comerciales<\/strong><\/p>\n<p>Los datos personales proporcionados para el env\u00edo de comunicaciones comerciales se seguir\u00e1n conservando hasta que Usted no revoque el consentimiento, todo ello sin perjuicio de su derecho de supresi\u00f3n u oposici\u00f3n.<\/p>\n<p><strong>Legitimaci\u00f3n para el tratamiento de sus datos<\/strong><\/p>\n<p>La base legal para el tratamiento de sus datos es la ejecuci\u00f3n de la relaci\u00f3n comercial en la que Usted es parte, de manera que podamos gestionar, desarrollar y controlar la correspondiente relaci\u00f3n comercial y contractual. Todos los datos que le solicitamos tienen el car\u00e1cter de obligatorio, por lo que la inobservancia de algunos puede imposibilitar la prestaci\u00f3n de los servicios que ofrecemos a trav\u00e9s de nuestra p\u00e1gina web.<\/p>\n<p><strong>Comunicaci\u00f3n o Cesi\u00f3n de datos y transferencia internacional de datos:<\/strong><\/p>\n<p>BERG\u00c9 Y C\u00cdA., S.A. podr\u00e1 comunicar sus datos personales a aquellas administraciones p\u00fablicas con competencia en la materia y en el caso de que exista obligaci\u00f3n legal de hacerlo.<\/p>\n<p>No obstante, si en alg\u00fan momento de la relaci\u00f3n comercial fuera necesario comunicar sus datos a terceros para nuevas finalidades, dicha comunicaci\u00f3n se realizar\u00e1 cuando BERG\u00c9 Y C\u00cdA, S.A. cuente con su consentimiento previo para ello y en la forma legalmente exigida.<\/p>\n<p>Igualmente pueden existir terceras personas que, como consecuencia de servicios prestados a BERG\u00c9 Y C\u00cdA, S.A. puedan acceder a sus datos personales.<\/p>\n<p>No efectuamos ninguna trasferencia internacional de sus datos personales.<\/p>\n<p><strong>\u00a0<\/strong><strong>Derechos:<\/strong><\/p>\n<p>Cualquier persona tiene derecho a obtener confirmaci\u00f3n sobre si en BERG\u00c9 Y C\u00cdA., S.A. estamos tratando datos personales que les conciernan, y en tal caso, <strong>derecho de acceso<\/strong> a sus datos personales, a los fines del tratamiento, y a las categor\u00edas de datos personales de que se trate.<\/p>\n<p>Asimismo, tendr\u00e1 derecho a solicitar la <strong>rectificaci\u00f3n<\/strong> de los datos inexactos o, en su caso, solicitar su <strong>supresi\u00f3n<\/strong> cuando, los datos ya no sean necesarios para los fines que fueron recogidos; se haya retirado el consentimiento en el que se basa el tratamiento o se oponga al tratamiento; los datos personales se hayan tratado de manera il\u00edcita; o deban suprimirse para el cumplimiento de una obligaci\u00f3n legal establecida en el derecho de la Uni\u00f3n o de los Estados miembros.<\/p>\n<p>Podr\u00e1 solicitar la <strong>limitaci\u00f3n<\/strong> del tratamiento de sus datos cuando, impugne la exactitud de los datos personales durante el plazo que permita al responsable verificar la exactitud de los mismos; el tratamiento sea il\u00edcito y el interesado se oponga a la supresi\u00f3n de los datos personales y solicite en su lugar la limitaci\u00f3n de su uso; el responsable ya no necesite los datos personales para los fines del tratamiento, pero el interesado los necesite para la formulaci\u00f3n, el ejercicio o la defensa de reclamaciones; o el interesado se haya opuesto al tratamiento, mientras se verifica si los motivos leg\u00edtimos del responsable prevalecen sobre los del interesado. En tales casos, \u00fanicamente conservaremos los datos para el ejercicio o la defensa de reclamaciones.<\/p>\n<p>En determinadas circunstancias y por motivos relacionados con su situaci\u00f3n particular, usted podr\u00e1 oponerse al tratamiento de sus datos. BERG\u00c9 Y C\u00cdA., S.A. dejar\u00e1 de tratar los datos, salvo por motivos leg\u00edtimos imperiosos, o el ejercicio o la defensa de posibles reclamaciones.<\/p>\n<p>Tendr\u00e1 derecho a recibir los datos personales que le incumban, y que haya facilitado, en un formato estructurado, y a transmitirlos a otro responsable del tratamiento sin que lo impida el responsable al que se los hubiera facilitado, cuando, el tratamiento este basado en el consentimiento; o le tratamiento se efect\u00fae por medios automatizados.<\/p>\n<p>Cuando las personas afectadas ejerzan los derechos de acceso, rectificaci\u00f3n, supresi\u00f3n y oposici\u00f3n, limitaci\u00f3n del tratamiento, portabilidad de datos y a no ser objeto de decisiones individualizadas automatizadas, deber\u00e1n comunicarlo por correo electr\u00f3nico a la direcci\u00f3n comunicacion@bergeycia.es<\/p>\n<p>Finalmente, en los t\u00e9rminos establecidos en la legislaci\u00f3n vigente; podr\u00e1n revocar los consentimientos que nos hayan ido facilitando, teniendo las personas interesadas la posibilidad de presentar una reclamaci\u00f3n ante la Agencia Espa\u00f1ola de Protecci\u00f3n de Datos.<\/p>\n<p><strong>Procedencia<\/strong><\/p>\n<p>Los datos personales que tratamos en BERG\u00c9 Y C\u00cdA., S.A. proceden del propio interesado.<\/p>\n<p><strong>Informaci\u00f3n adicional<\/strong><\/p>\n<p>Los usuarios garantizan y responden, en cualquier caso, de la veracidad, exactitud, vigencia, autenticidad de los Datos Personales proporcionados, y se comprometen a mantenerlos debidamente actualizados. Asimismo, los usuarios garantizan ser mayores de 14 a\u00f1os.<\/p>\n<p>En caso de que se facilitaran datos de car\u00e1cter personal, por personas no titulares de los mismos, el usuario deber\u00e1, con car\u00e1cter previo a su inclusi\u00f3n, informar a dichas personas de los extremos contenidos en los p\u00e1rrafos anteriores. En estos casos, el usuario garantiza que los datos informados son de mayores de 14 a\u00f1os y que la informaci\u00f3n es exacta y veraz. BERG\u00c9 Y C\u00cdA., S.A. quedar\u00e1 exenta de cualquier responsabilidad por el incumplimiento por parte del usuario de estos requisitos.<\/p>\n<p>BERG\u00c9 Y C\u00cdA., S.A. ha adoptado los niveles de seguridad de protecci\u00f3n de los Datos Personales legalmente requeridos, y ha instalado todos los medios y medidas t\u00e9cnicas a disposici\u00f3n seg\u00fan el estado de la tecnolog\u00eda para evitar la p\u00e9rdida, mal uso, alteraci\u00f3n, acceso no autorizado y robo de los Datos Personales facilitados.<\/p>\n<p>El usuario cuenta con la confidencialidad y el deber de secreto de los empleados de BERG\u00c9 Y C\u00cdA, S.A. y de todos aquellos que traten los datos en nombre y por cuenta del mismo. Sin perjuicio de lo anterior, el usuario es consciente de la posibilidad de que la seguridad de las comunicaciones a trav\u00e9s de red no sea invulnerable.<\/p>\n<p><strong>Jurisdiction and applicable laws<\/strong><\/p>\n<ol start=\"33\">\n<li>The terms and conditions governing this web site and all relationships that may arise therefrom are protected by Spanish law.<\/li>\n<li>Any controversy that might arise out of the access or use of this web site is subject to the exclusive jurisdiction of the courts of the capital city of Madrid (Spain).<\/li>\n<\/ol>\n<p><em>\u00a9 Copyright BERG\u00c9 Y C\u00cdA, S.A. 2016. <\/em><em>All rights reserved<\/em><\/p>\n","protected":false},"excerpt":{"rendered":"<p>BERG\u00c9 Y C\u00cdA, S.A., hereinafter known as\u00a0BERG\u00c9\u00a0with principal place of business at Alcal\u00e1 St., n\u00ba 65. 28014 Madrid and TIN A \u2013 48029565. Vizcaya Commercial Registry.\u00a0 Volume 240, Folio 169, Page 387.Phone 91 151 09 00.\u00a0comunicacion@bergeycia.es This website has been created to information about\u00a0the\u00a0BERG\u00c9 INTERNATIONAL TALENT PROGRAMME,\u00a0result of an agreement with prestigious universities in Korea [&hellip;]<\/p>\n","protected":false},"author":8,"featured_media":0,"parent":0,"menu_order":0,"comment_status":"closed","ping_status":"closed","template":"","meta":{"footnotes":""},"class_list":["post-863","page","type-page","status-publish","hentry"],"aioseo_notices":[],"_links":{"self":[{"href":"https:\/\/bergetalent.es\/en\/wp-json\/wp\/v2\/pages\/863","targetHints":{"allow":["GET"]}}],"collection":[{"href":"https:\/\/bergetalent.es\/en\/wp-json\/wp\/v2\/pages"}],"about":[{"href":"https:\/\/bergetalent.es\/en\/wp-json\/wp\/v2\/types\/page"}],"author":[{"embeddable":true,"href":"https:\/\/bergetalent.es\/en\/wp-json\/wp\/v2\/users\/8"}],"replies":[{"embeddable":true,"href":"https:\/\/bergetalent.es\/en\/wp-json\/wp\/v2\/comments?post=863"}],"version-history":[{"count":6,"href":"https:\/\/bergetalent.es\/en\/wp-json\/wp\/v2\/pages\/863\/revisions"}],"predecessor-version":[{"id":3558,"href":"https:\/\/bergetalent.es\/en\/wp-json\/wp\/v2\/pages\/863\/revisions\/3558"}],"wp:attachment":[{"href":"https:\/\/bergetalent.es\/en\/wp-json\/wp\/v2\/media?parent=863"}],"curies":[{"name":"wp","href":"https:\/\/api.w.org\/{rel}","templated":true}]}}