{"id":932,"date":"2015-11-20T12:15:11","date_gmt":"2015-11-20T12:15:11","guid":{"rendered":"https:\/\/bergetalent.es\/en\/el-programa\/"},"modified":"2020-10-24T18:57:11","modified_gmt":"2020-10-24T18:57:11","slug":"the-programme","status":"publish","type":"page","link":"https:\/\/bergetalent.es\/en\/the-programme\/","title":{"rendered":"The Programme"},"content":{"rendered":"<div class=\"wpb-content-wrapper\">[mk_page_section bg_position=&#8221;center center&#8221; bg_repeat=&#8221;no-repeat&#8221; bg_stretch=&#8221;true&#8221; min_height=&#8221;&#8221; full_width=&#8221;true&#8221; padding_top=&#8221;0&#8243; padding_bottom=&#8221;0&#8243; el_class=&#8221;fondocab&#8221; sidebar=&#8221;sidebar-1&#8243;][vc_column][mk_image src=&#8221;https:\/\/bergetalent.es\/wp-content\/uploads\/2015\/11\/programa-1.jpg&#8221; image_size=&#8221;full&#8221; margin_bottom=&#8221;0&#8243;][\/vc_column][\/mk_page_section][mk_page_section padding_top=&#8221;60&#8243; padding_bottom=&#8221;30&#8243; margin_bottom=&#8221;30&#8243; sidebar=&#8221;sidebar-1&#8243;][vc_column][mk_fancy_title tag_name=&#8221;h1&#8243; color=&#8221;#7992b6&#8243; size=&#8221;27&#8243; font_weight=&#8221;bold&#8221; txt_transform=&#8221;uppercase&#8221; margin_top=&#8221;30&#8243; margin_bottom=&#8221;0&#8243; font_family=&#8221;Exo&#8221; font_type=&#8221;google&#8221; align=&#8221;center&#8221;]ABOUT\u00a0BERG\u00c9 INTERNATIONAL TALENT PROGRAMME[\/mk_fancy_title][mk_divider style=&#8221;thin_solid&#8221; divider_width=&#8221;custom_width&#8221; custom_width=&#8221;70&#8243; thickness=&#8221;5&#8243; margin_top=&#8221;0&#8243; margin_bottom=&#8221;30&#8243;][vc_row_inner css=&#8221;.vc_custom_1448016914240{padding-top: 0px !important;padding-right: 0px !important;padding-bottom: 0px !important;padding-left: 0px !important;}&#8221;][vc_column_inner width=&#8221;1\/6&#8243;][\/vc_column_inner][vc_column_inner width=&#8221;2\/3&#8243;][vc_column_text align=&#8221;center&#8221;]The <strong>Berg\u00e9 International Talent Programme<\/strong> is a unique programme of professional internships at <strong>Berg\u00e9 y Compa\u00f1\u00eda,<\/strong> which is the result of an agreement with prestigious universities in Korea and Japan. It means participants can completely <strong>immerse themselves professionally<\/strong> in the main areas of activity of a major Spanish company with a global vision. Through this initiative, <strong>Berg\u00e9 y Compa\u00f1\u00eda<\/strong> moves closer to Korea and Japan with <strong>an action that goes beyond commercial activity.<\/strong>[\/vc_column_text][\/vc_column_inner][vc_column_inner width=&#8221;1\/6&#8243;][\/vc_column_inner][\/vc_row_inner][\/vc_column][\/mk_page_section][mk_page_section bg_image=&#8221;https:\/\/bergetalent.es\/wp-content\/uploads\/2015\/11\/fondo1.png&#8221; bg_color=&#8221;#ededed&#8221; bg_position=&#8221;right center&#8221; bg_repeat=&#8221;no-repeat&#8221; padding_top=&#8221;30&#8243; padding_bottom=&#8221;40&#8243; section_id=&#8221;universidades&#8221; sidebar=&#8221;sidebar-1&#8243;][vc_column][mk_fancy_title tag_name=&#8221;h1&#8243; color=&#8221;#7992b6&#8243; size=&#8221;27&#8243; font_weight=&#8221;bold&#8221; txt_transform=&#8221;uppercase&#8221; margin_top=&#8221;30&#8243; margin_bottom=&#8221;0&#8243; font_family=&#8221;Exo&#8221; font_type=&#8221;google&#8221; align=&#8221;center&#8221;]Universities[\/mk_fancy_title][mk_divider style=&#8221;thin_solid&#8221; divider_width=&#8221;custom_width&#8221; custom_width=&#8221;70&#8243; thickness=&#8221;5&#8243; margin_top=&#8221;0&#8243; margin_bottom=&#8221;60&#8243;][vc_row_inner css=&#8221;.vc_custom_1449836824760{padding-top: 0px !important;padding-right: 0px !important;padding-bottom: 0px !important;padding-left: 0px !important;}&#8221;][vc_column_inner width=&#8221;1\/2&#8243; css=&#8221;.vc_custom_1449836859039{margin-bottom: 30px !important;padding-right: 80px !important;padding-left: 80px !important;}&#8221;][mk_circle_image src=&#8221;https:\/\/bergetalent.es\/wp-content\/uploads\/2015\/11\/cau.jpg&#8221; image_diameter=&#8221;240&#8243;][mk_fancy_title tag_name=&#8221;h1&#8243; color=&#8221;#121212&#8243; size=&#8221;22&#8243; font_weight=&#8221;bold&#8221; txt_transform=&#8221;uppercase&#8221; margin_top=&#8221;30&#8243; margin_bottom=&#8221;0&#8243; font_family=&#8221;Exo&#8221; font_type=&#8221;google&#8221; align=&#8221;center&#8221;]CHUNG-ANG UNIVERSITY<br \/>\n<span style=\"text-transform: none!important; font-size: 16px;\"><strong style=\"color: #7992b6!important;\"><em>South Korea<\/em><\/strong><\/span>[\/mk_fancy_title][vc_column_text align=&#8221;center&#8221;]A University that stands out for\u00a0<strong>education and research in the training of talented individuals.<\/strong>[\/vc_column_text][mk_button dimension=&#8221;outline&#8221; corner_style=&#8221;full_rounded&#8221; size=&#8221;medium&#8221; url=&#8221;http:\/\/neweng.cau.ac.kr\/&#8221; target=&#8221;_blank&#8221; align=&#8221;center&#8221; outline_skin=&#8221;custom&#8221; outline_active_color=&#8221;#7992b6&#8243; outline_hover_color=&#8221;#ffffff&#8221;]VISIT ITS WEBSITE[\/mk_button][\/vc_column_inner][vc_column_inner width=&#8221;1\/2&#8243; css=&#8221;.vc_custom_1449836866238{margin-bottom: 30px !important;padding-right: 80px !important;padding-left: 80px !important;}&#8221;][mk_circle_image src=&#8221;https:\/\/bergetalent.es\/wp-content\/uploads\/2015\/11\/hitot.jpg&#8221; image_diameter=&#8221;240&#8243;][mk_fancy_title tag_name=&#8221;h1&#8243; color=&#8221;#121212&#8243; size=&#8221;22&#8243; font_weight=&#8221;bold&#8221; txt_transform=&#8221;uppercase&#8221; margin_top=&#8221;30&#8243; margin_bottom=&#8221;0&#8243; font_family=&#8221;Exo&#8221; font_type=&#8221;google&#8221; align=&#8221;center&#8221;]HITOTSUBASHI UNIVERSITY<br \/>\n<span style=\"text-transform: none!important; font-size: 16px;\"><strong style=\"color: #7992b6!important;\"><em>Japan<\/em><\/strong><\/span>[\/mk_fancy_title][vc_column_text align=&#8221;center&#8221;]A well-renowned university where important<strong>\u00a0leaders in the business world have been educated.<\/strong>[\/vc_column_text][mk_button dimension=&#8221;outline&#8221; corner_style=&#8221;full_rounded&#8221; size=&#8221;medium&#8221; url=&#8221;http:\/\/www.hit-u.ac.jp\/eng\/&#8221; target=&#8221;_blank&#8221; align=&#8221;center&#8221; outline_skin=&#8221;custom&#8221; outline_active_color=&#8221;#7992b6&#8243; outline_hover_color=&#8221;#ffffff&#8221;]VISIT ITS WEBSITE[\/mk_button][\/vc_column_inner][\/vc_row_inner][\/vc_column][\/mk_page_section][mk_page_section padding_top=&#8221;60&#8243; padding_bottom=&#8221;30&#8243; sidebar=&#8221;sidebar-1&#8243;][vc_column][vc_row_inner css=&#8221;.vc_custom_1448016914240{padding-top: 0px !important;padding-right: 0px !important;padding-bottom: 0px !important;padding-left: 0px !important;}&#8221;][vc_column_inner width=&#8221;1\/3&#8243; css=&#8221;.vc_custom_1448024629185{margin-bottom: 30px !important;}&#8221;][mk_circle_image src=&#8221;https:\/\/bergetalent.es\/wp-content\/uploads\/2015\/11\/presidente-2.jpg&#8221; image_diameter=&#8221;240&#8243;][\/vc_column_inner][vc_column_inner width=&#8221;2\/3&#8243; css=&#8221;.vc_custom_1448024637169{margin-bottom: 30px !important;}&#8221;][mk_fancy_title tag_name=&#8221;h1&#8243; color=&#8221;#7992b6&#8243; size=&#8221;27&#8243; font_weight=&#8221;bold&#8221; txt_transform=&#8221;uppercase&#8221; margin_top=&#8221;30&#8243; margin_bottom=&#8221;0&#8243; font_family=&#8221;Exo&#8221; font_type=&#8221;google&#8221; align=&#8221;center&#8221;]A PERSONAL INITIATIVE OF JAIME GORBE\u00d1A, CHAIRMAN OF BERG\u00c9 Y COMPA\u00d1\u00cdA.[\/mk_fancy_title][mk_divider style=&#8221;thin_solid&#8221; divider_width=&#8221;custom_width&#8221; custom_width=&#8221;70&#8243; thickness=&#8221;5&#8243; margin_top=&#8221;0&#8243; margin_bottom=&#8221;30&#8243;][vc_column_text align=&#8221;center&#8221;]The <strong>Berg\u00e9 International Talent Programme<\/strong> recalls<strong> his first work experience,<\/strong> offering a similar opportunity to Japanese and Korean students at <strong>Berg\u00e9 y Compa\u00f1\u00eda.<\/strong>[\/vc_column_text][\/vc_column_inner][\/vc_row_inner][\/vc_column][\/mk_page_section][mk_page_section padding_top=&#8221;0&#8243; padding_bottom=&#8221;30&#8243; sidebar=&#8221;sidebar-1&#8243;][vc_column][mk_divider style=&#8221;single_dotted&#8221; border_color=&#8221;#cccccc&#8221; margin_top=&#8221;0&#8243; margin_bottom=&#8221;30&#8243;][mk_fancy_title tag_name=&#8221;h1&#8243; color=&#8221;#7992b6&#8243; size=&#8221;27&#8243; font_weight=&#8221;bold&#8221; txt_transform=&#8221;uppercase&#8221; margin_top=&#8221;30&#8243; margin_bottom=&#8221;0&#8243; font_family=&#8221;Exo&#8221; font_type=&#8221;google&#8221; align=&#8221;center&#8221;]Objectives[\/mk_fancy_title][mk_divider style=&#8221;thin_solid&#8221; divider_width=&#8221;custom_width&#8221; custom_width=&#8221;70&#8243; thickness=&#8221;5&#8243; margin_top=&#8221;0&#8243; margin_bottom=&#8221;30&#8243;][\/vc_column][\/mk_page_section][mk_page_section min_height=&#8221;0&#8243; padding_top=&#8221;0&#8243; padding_bottom=&#8221;30&#8243; sidebar=&#8221;sidebar-1&#8243;][vc_column width=&#8221;1\/6&#8243;][\/vc_column][vc_column width=&#8221;2\/3&#8243;][vc_row_inner css=&#8221;.vc_custom_1449836947309{padding-top: 0px !important;padding-right: 0px !important;padding-bottom: 20px !important;padding-left: 0px !important;}&#8221; el_class=&#8221;objetivos&#8221;][vc_column_inner width=&#8221;1\/4&#8243; css=&#8221;.vc_custom_1449836940963{margin-bottom: 10px !important;}&#8221;][mk_circle_image src=&#8221;https:\/\/bergetalent.es\/wp-content\/uploads\/2015\/11\/objetivo1.jpg&#8221; image_diameter=&#8221;130&#8243;][\/vc_column_inner][vc_column_inner width=&#8221;3\/4&#8243; css=&#8221;.vc_custom_1448024629185{margin-bottom: 30px !important;}&#8221;][mk_fancy_title tag_name=&#8221;h1&#8243; color=&#8221;#121212&#8243; size=&#8221;22&#8243; font_weight=&#8221;bold&#8221; txt_transform=&#8221;uppercase&#8221; margin_top=&#8221;25&#8243; margin_bottom=&#8221;0&#8243; font_family=&#8221;Exo&#8221; font_type=&#8221;google&#8221;]TO THANK KOREA AND JAPAN[\/mk_fancy_title][vc_column_text]for their relationship with\u00a0<strong>Berg\u00e9 y Compa\u00f1\u00eda<\/strong>\u00a0and the confidence placed in our company for so many years.[\/vc_column_text][\/vc_column_inner][\/vc_row_inner][vc_row_inner css=&#8221;.vc_custom_1449836963510{padding-top: 0px !important;padding-right: 0px !important;padding-bottom: 20px !important;padding-left: 0px !important;}&#8221; el_class=&#8221;objetivos&#8221;][vc_column_inner width=&#8221;1\/4&#8243; css=&#8221;.vc_custom_1449836956195{margin-bottom: 10px !important;}&#8221;][mk_circle_image src=&#8221;https:\/\/bergetalent.es\/wp-content\/uploads\/2015\/11\/bollard-431897_1920.jpg&#8221; image_diameter=&#8221;130&#8243;][\/vc_column_inner][vc_column_inner width=&#8221;3\/4&#8243; css=&#8221;.vc_custom_1448024629185{margin-bottom: 30px !important;}&#8221;][vc_column_text el_class=&#8221;margenarriba&#8221;]To create an\u00a0<strong>emotional link<\/strong>\u00a0and strengthen our\u00a0<strong>relationship<\/strong>\u00a0with[\/vc_column_text][mk_fancy_title tag_name=&#8221;h1&#8243; color=&#8221;#121212&#8243; size=&#8221;22&#8243; font_weight=&#8221;bold&#8221; txt_transform=&#8221;uppercase&#8221; margin_bottom=&#8221;0&#8243; font_family=&#8221;Exo&#8221; font_type=&#8221;google&#8221;]JAPAN AND KOREA.[\/mk_fancy_title][\/vc_column_inner][\/vc_row_inner][vc_row_inner css=&#8221;.vc_custom_1449836983196{padding-top: 0px !important;padding-right: 0px !important;padding-bottom: 20px !important;padding-left: 0px !important;}&#8221; el_class=&#8221;objetivos&#8221;][vc_column_inner width=&#8221;1\/4&#8243; css=&#8221;.vc_custom_1449836972666{margin-bottom: 10px !important;}&#8221;][mk_circle_image src=&#8221;https:\/\/bergetalent.es\/wp-content\/uploads\/2015\/11\/alumni.jpg&#8221; image_diameter=&#8221;130&#8243;][\/vc_column_inner][vc_column_inner width=&#8221;3\/4&#8243; css=&#8221;.vc_custom_1448024629185{margin-bottom: 30px !important;}&#8221;][mk_fancy_title tag_name=&#8221;h1&#8243; color=&#8221;#121212&#8243; size=&#8221;22&#8243; font_weight=&#8221;bold&#8221; txt_transform=&#8221;uppercase&#8221; margin_top=&#8221;25&#8243; margin_bottom=&#8221;0&#8243; font_family=&#8221;Exo&#8221; font_type=&#8221;google&#8221;]CONTRIBUTE TO THE EDUCATION OF KOREAN AND JAPANESE UNIVERSITY STUDENTS[\/mk_fancy_title][vc_column_text]by means of a unique professional experience.[\/vc_column_text][\/vc_column_inner][\/vc_row_inner][\/vc_column][vc_column width=&#8221;1\/6&#8243;][\/vc_column][\/mk_page_section][mk_page_section bg_image=&#8221;https:\/\/bergetalent.es\/wp-content\/uploads\/2015\/11\/fondo1.png&#8221; bg_color=&#8221;#ededed&#8221; bg_position=&#8221;right center&#8221; bg_repeat=&#8221;no-repeat&#8221; padding_top=&#8221;30&#8243; padding_bottom=&#8221;40&#8243; section_id=&#8221;universidades&#8221; sidebar=&#8221;sidebar-1&#8243;][vc_column][mk_fancy_title tag_name=&#8221;h1&#8243; color=&#8221;#7992b6&#8243; size=&#8221;27&#8243; font_weight=&#8221;bold&#8221; txt_transform=&#8221;uppercase&#8221; margin_top=&#8221;30&#8243; margin_bottom=&#8221;0&#8243; font_family=&#8221;Exo&#8221; font_type=&#8221;google&#8221; align=&#8221;center&#8221;]Results[\/mk_fancy_title][mk_divider style=&#8221;thin_solid&#8221; divider_width=&#8221;custom_width&#8221; custom_width=&#8221;70&#8243; thickness=&#8221;5&#8243; margin_top=&#8221;0&#8243; margin_bottom=&#8221;60&#8243;][vc_row_inner][vc_column_inner width=&#8221;1\/4&#8243; css=&#8221;.vc_custom_1448270169294{margin-bottom: 30px !important;}&#8221;][mk_circle_image src=&#8221;https:\/\/bergetalent.es\/wp-content\/uploads\/2015\/11\/fruto1.jpg&#8221; image_diameter=&#8221;200&#8243; animation=&#8221;flip-y&#8221; el_class=&#8221;frutos&#8221;][vc_column_text align=&#8221;center&#8221;]Returning to these countries a part of what was received generates enormous\u00a0<strong style=\"color: #7992b6;\">SATISFACTION<\/strong>\u00a0within our company.[\/vc_column_text][\/vc_column_inner][vc_column_inner width=&#8221;1\/4&#8243; css=&#8221;.vc_custom_1448270178890{margin-bottom: 30px !important;}&#8221;][mk_circle_image src=&#8221;https:\/\/bergetalent.es\/wp-content\/uploads\/2015\/11\/frutos2.jpg&#8221; image_diameter=&#8221;200&#8243; animation=&#8221;flip-y&#8221; el_class=&#8221;frutos&#8221;][vc_column_text align=&#8221;center&#8221;]It satisfies the<br \/>\n<strong style=\"color: #7992b6;\">PROFESSIONAL CONCERN<\/strong><br \/>\nof those who study.<\/p>\n<p style=\"font-size: 12px; line-height: 16px;\">Several students who have asked to return to <strong>Berg\u00e9 y Compa\u00f1\u00eda<\/strong>\u00a0to continue working in at the company.<\/p>\n[\/vc_column_text][\/vc_column_inner][vc_column_inner width=&#8221;1\/4&#8243; css=&#8221;.vc_custom_1448270186158{margin-bottom: 30px !important;}&#8221;][mk_circle_image src=&#8221;https:\/\/bergetalent.es\/wp-content\/uploads\/2015\/11\/frutos3.jpg&#8221; image_diameter=&#8221;200&#8243; animation=&#8221;flip-y&#8221; el_class=&#8221;frutos&#8221;][vc_column_text align=&#8221;center&#8221;]It arouses\u00a0<strong style=\"color: #7992b6;\">CURIOSITY<\/strong>\u00a0to know more about our country and our language.<\/p>\n<p style=\"font-size: 12px; line-height: 16px;\">Several students have perfected their\u00a0<strong>Spanish<\/strong>\u00a0after this experience and have opted to work in\u00a0<strong>Spanish-speaking countries.<\/strong><\/p>\n[\/vc_column_text][\/vc_column_inner][vc_column_inner width=&#8221;1\/4&#8243; css=&#8221;.vc_custom_1448270193888{margin-bottom: 30px !important;}&#8221;][mk_circle_image src=&#8221;https:\/\/bergetalent.es\/wp-content\/uploads\/2015\/11\/frutos4.jpg&#8221; image_diameter=&#8221;200&#8243; animation=&#8221;flip-y&#8221; el_class=&#8221;frutos&#8221;][vc_column_text align=&#8221;center&#8221;]It is first and foremost a rewarding<br \/>\n<strong style=\"color: #7992b6;\">PERSONAL EXPERIENCE<\/strong><br \/>\nfor students that enjoy it.<\/p>\n<p style=\"font-size: 12px; line-height: 16px;\">The University and the students themselves organise\u00a0<strong>periodic meetings<\/strong>\u00a0among participants.<\/p>\n[\/vc_column_text][\/vc_column_inner][\/vc_row_inner][\/vc_column][\/mk_page_section]\n<\/div>","protected":false},"excerpt":{"rendered":"<p>[mk_page_section bg_position=&#8221;center center&#8221; bg_repeat=&#8221;no-repeat&#8221; bg_stretch=&#8221;true&#8221; min_height=&#8221;&#8221; full_width=&#8221;true&#8221; padding_top=&#8221;0&#8243; padding_bottom=&#8221;0&#8243; el_class=&#8221;fondocab&#8221; sidebar=&#8221;sidebar-1&#8243;][vc_column][mk_image src=&#8221;https:\/\/bergetalent.es\/wp-content\/uploads\/2015\/11\/programa-1.jpg&#8221; image_size=&#8221;full&#8221; margin_bottom=&#8221;0&#8243;][\/vc_column][\/mk_page_section][mk_page_section padding_top=&#8221;60&#8243; padding_bottom=&#8221;30&#8243; margin_bottom=&#8221;30&#8243; sidebar=&#8221;sidebar-1&#8243;][vc_column][mk_fancy_title tag_name=&#8221;h1&#8243; color=&#8221;#7992b6&#8243; size=&#8221;27&#8243; font_weight=&#8221;bold&#8221; txt_transform=&#8221;uppercase&#8221; margin_top=&#8221;30&#8243; margin_bottom=&#8221;0&#8243; font_family=&#8221;Exo&#8221; font_type=&#8221;google&#8221; align=&#8221;center&#8221;]ABOUT\u00a0BERG\u00c9 INTERNATIONAL TALENT PROGRAMME[\/mk_fancy_title][mk_divider style=&#8221;thin_solid&#8221; divider_width=&#8221;custom_width&#8221; custom_width=&#8221;70&#8243; thickness=&#8221;5&#8243; margin_top=&#8221;0&#8243; margin_bottom=&#8221;30&#8243;][vc_row_inner css=&#8221;.vc_custom_1448016914240{padding-top: 0px !important;padding-right: 0px !important;padding-bottom: 0px !important;padding-left: 0px !important;}&#8221;][vc_column_inner width=&#8221;1\/6&#8243;][\/vc_column_inner][vc_column_inner width=&#8221;2\/3&#8243;][vc_column_text align=&#8221;center&#8221;]The Berg\u00e9 International Talent Programme is a [&hellip;]<\/p>\n","protected":false},"author":8,"featured_media":0,"parent":0,"menu_order":0,"comment_status":"closed","ping_status":"closed","template":"","meta":{"footnotes":""},"class_list":["post-932","page","type-page","status-publish","hentry"],"aioseo_notices":[],"_links":{"self":[{"href":"https:\/\/bergetalent.es\/en\/wp-json\/wp\/v2\/pages\/932","targetHints":{"allow":["GET"]}}],"collection":[{"href":"https:\/\/bergetalent.es\/en\/wp-json\/wp\/v2\/pages"}],"about":[{"href":"https:\/\/bergetalent.es\/en\/wp-json\/wp\/v2\/types\/page"}],"author":[{"embeddable":true,"href":"https:\/\/bergetalent.es\/en\/wp-json\/wp\/v2\/users\/8"}],"replies":[{"embeddable":true,"href":"https:\/\/bergetalent.es\/en\/wp-json\/wp\/v2\/comments?post=932"}],"version-history":[{"count":16,"href":"https:\/\/bergetalent.es\/en\/wp-json\/wp\/v2\/pages\/932\/revisions"}],"predecessor-version":[{"id":3097,"href":"https:\/\/bergetalent.es\/en\/wp-json\/wp\/v2\/pages\/932\/revisions\/3097"}],"wp:attachment":[{"href":"https:\/\/bergetalent.es\/en\/wp-json\/wp\/v2\/media?parent=932"}],"curies":[{"name":"wp","href":"https:\/\/api.w.org\/{rel}","templated":true}]}}