{"id":936,"date":"2015-11-23T09:19:54","date_gmt":"2015-11-23T09:19:54","guid":{"rendered":"https:\/\/bergetalent.es\/en\/the-programme\/actividades\/"},"modified":"2020-10-24T18:57:11","modified_gmt":"2020-10-24T18:57:11","slug":"activities","status":"publish","type":"page","link":"https:\/\/bergetalent.es\/en\/the-programme\/activities\/","title":{"rendered":"Activities"},"content":{"rendered":"<div class=\"wpb-content-wrapper\">[mk_page_section bg_position=&#8221;center center&#8221; bg_repeat=&#8221;no-repeat&#8221; min_height=&#8221;0&#8243; full_width=&#8221;true&#8221; padding_top=&#8221;0&#8243; padding_bottom=&#8221;0&#8243; el_class=&#8221;fondocab&#8221; sidebar=&#8221;sidebar-1&#8243;][vc_column][mk_image src=&#8221;https:\/\/bergetalent.es\/wp-content\/uploads\/2015\/11\/actividades.jpg&#8221; image_size=&#8221;full&#8221; margin_bottom=&#8221;0&#8243;][\/vc_column][\/mk_page_section][mk_page_section bg_image=&#8221;https:\/\/bergetalent.es\/wp-content\/uploads\/2015\/11\/fondo1.png&#8221; attachment=&#8221;fixed&#8221; bg_repeat=&#8221;no-repeat&#8221; padding_top=&#8221;60&#8243; padding_bottom=&#8221;60&#8243; sidebar=&#8221;sidebar-1&#8243;][vc_column][vc_row_inner][vc_column_inner width=&#8221;2\/3&#8243;][mk_fancy_title tag_name=&#8221;h1&#8243; color=&#8221;#7992b6&#8243; size=&#8221;27&#8243; font_weight=&#8221;bold&#8221; txt_transform=&#8221;uppercase&#8221; margin_top=&#8221;30&#8243; margin_bottom=&#8221;0&#8243; font_family=&#8221;Exo&#8221; font_type=&#8221;google&#8221; align=&#8221;center&#8221;]Berg\u00e9 International Talent Programme[\/mk_fancy_title][mk_divider style=&#8221;thin_solid&#8221; divider_width=&#8221;custom_width&#8221; custom_width=&#8221;70&#8243; thickness=&#8221;5&#8243; margin_top=&#8221;0&#8243; margin_bottom=&#8221;60&#8243;][mk_fancy_title tag_name=&#8221;h1&#8243; color=&#8221;#16325c&#8221; size=&#8221;26&#8243; font_weight=&#8221;bold&#8221; txt_transform=&#8221;uppercase&#8221; margin_top=&#8221;10&#8243; margin_bottom=&#8221;0&#8243; font_family=&#8221;Exo&#8221; font_type=&#8221;google&#8221; align=&#8221;center&#8221;]FOUR WEEKS OF SPANISH COURSES IN<br \/>\nTHE COUNTRIES OF ORIGIN.[\/mk_fancy_title][mk_fancy_title tag_name=&#8221;h1&#8243; color=&#8221;#16325c&#8221; size=&#8221;22&#8243; font_weight=&#8221;bold&#8221; txt_transform=&#8221;uppercase&#8221; font_family=&#8221;Exo&#8221; font_type=&#8221;google&#8221; align=&#8221;center&#8221;]FIVE WEEKS OF TRAINING AT\u00a0BERG\u00c9 Y COMPA\u00d1\u00cdA<br \/>\nCOMPANIES, IN MADRID[\/mk_fancy_title][vc_column_text align=&#8221;center&#8221;]including:<\/p>\n<p><strong>INTERNSHIP PROGRAMMES AT BERG\u00c9 Y COMPA\u00d1\u00cdA\u2019S FIRMS IN MADRID<\/strong><\/p>\n<p>Based on their professional profiles, students carry out internships in different areas of Berg\u00e9 and Compa\u00f1\u00eda divisions in Madrid.<\/p>\n<p><strong>\u00a0<\/strong><\/p>\n<p><strong>VISIT OF LOGISTICS FACILITIES AT CIEMPOZUELOS<\/strong><\/p>\n<p>One of Berg\u00e9 y Compa\u00f1\u00eda\u2019s main activity is the distribution and logistics of cars. A visit of the vehicle storage compound in Madrid is scheduled so that students witness a first-hand lesson of this logistics centre performance.<\/p>\n<p><strong>CULTURAL, LEISURE AND GASTRONOMY VISITS:<\/strong><br \/>\nTourist visits. Gastronomic events.[\/vc_column_text][\/vc_column_inner][vc_column_inner width=&#8221;1\/3&#8243;][mk_custom_box corner_radius=&#8221;10&#8243; bg_color=&#8221;#d1def1&#8243;][mk_milestone icon_size=&#8221;large&#8221; align=&#8221;center&#8221; stop=&#8221;104&#8243; text=&#8221;Students have participated since the programme began in 2008.&#8221; text_color=&#8221;#16325c&#8221; text_size=&#8221;80&#8243; font_family=&#8221;none&#8221; font_weight=&#8221;900&#8243; desc_size=&#8221;16&#8243;][\/mk_custom_box][mk_custom_box corner_radius=&#8221;10&#8243; bg_color=&#8221;#d1def1&#8243;][mk_milestone icon_size=&#8221;large&#8221; align=&#8221;center&#8221; stop=&#8221;150&#8243; text=&#8221;Students will have benefited from the Berg\u00e9 International Talent Programme by 2021.&#8221; text_color=&#8221;#16325c&#8221; text_size=&#8221;80&#8243; font_family=&#8221;none&#8221; font_weight=&#8221;900&#8243; desc_size=&#8221;16&#8243;][\/mk_custom_box][\/vc_column_inner][\/vc_row_inner][\/vc_column][\/mk_page_section][mk_page_section bg_image=&#8221;https:\/\/bergetalent.es\/wp-content\/uploads\/2015\/11\/fondo1.png&#8221; bg_color=&#8221;#ededed&#8221; attachment=&#8221;fixed&#8221; bg_position=&#8221;right center&#8221; bg_repeat=&#8221;no-repeat&#8221; padding_top=&#8221;30&#8243; padding_bottom=&#8221;70&#8243; section_id=&#8221;universidades&#8221; el_class=&#8221;actividades&#8221; sidebar=&#8221;sidebar-1&#8243;][vc_column][mk_fancy_title tag_name=&#8221;h1&#8243; color=&#8221;#7992b6&#8243; size=&#8221;27&#8243; font_weight=&#8221;bold&#8221; txt_transform=&#8221;uppercase&#8221; margin_top=&#8221;30&#8243; margin_bottom=&#8221;0&#8243; font_family=&#8221;Exo&#8221; font_type=&#8221;google&#8221; align=&#8221;center&#8221;]Professional training[\/mk_fancy_title][mk_divider style=&#8221;thin_solid&#8221; divider_width=&#8221;custom_width&#8221; custom_width=&#8221;70&#8243; thickness=&#8221;5&#8243; margin_top=&#8221;0&#8243; margin_bottom=&#8221;60&#8243;][vc_row_inner css=&#8221;.vc_custom_1448267642748{padding-top: 0px !important;padding-right: 0px !important;padding-bottom: 0px !important;padding-left: 0px !important;}&#8221; el_class=&#8221;objetivos&#8221;][vc_column_inner width=&#8221;1\/4&#8243; css=&#8221;.vc_custom_1448274225837{margin-bottom: 0px !important;}&#8221;][mk_circle_image src=&#8221;https:\/\/bergetalent.es\/wp-content\/uploads\/2015\/11\/fp11.jpg&#8221; image_diameter=&#8221;180&#8243;][\/vc_column_inner][vc_column_inner width=&#8221;3\/4&#8243; css=&#8221;.vc_custom_1448274219054{margin-bottom: 0px !important;}&#8221;][mk_fancy_title tag_name=&#8221;h1&#8243; color=&#8221;#7992b6&#8243; size=&#8221;22&#8243; font_weight=&#8221;bold&#8221; txt_transform=&#8221;uppercase&#8221; margin_top=&#8221;55&#8243; margin_bottom=&#8221;0&#8243; font_family=&#8221;Exo&#8221; font_type=&#8221;google&#8221;]INTERNSHIPS AT BERG\u00c9 COMPANIES IN MADRID[\/mk_fancy_title][vc_column_text]Based on their professional profiles, students complete internships in different areas of Berg\u00e9 y Compa\u00f1\u00eda in Madrid, (automobile, marketing, maritime, logistics, legal, etc.).[\/vc_column_text][\/vc_column_inner][\/vc_row_inner][vc_row_inner css=&#8221;.vc_custom_1448267642748{padding-top: 0px !important;padding-right: 0px !important;padding-bottom: 0px !important;padding-left: 0px !important;}&#8221; el_class=&#8221;objetivos&#8221;][vc_column_inner width=&#8221;3\/4&#8243; css=&#8221;.vc_custom_1448274211921{margin-bottom: 0px !important;}&#8221;][mk_fancy_title tag_name=&#8221;h1&#8243; color=&#8221;#7992b6&#8243; size=&#8221;22&#8243; font_weight=&#8221;bold&#8221; txt_transform=&#8221;uppercase&#8221; margin_top=&#8221;70&#8243; margin_bottom=&#8221;0&#8243; font_family=&#8221;Exo&#8221; font_type=&#8221;google&#8221; align=&#8221;right&#8221;]BUSINESS MANAGEMENT COURSE[\/mk_fancy_title][vc_column_text align=&#8221;right&#8221;]They receive a business management course in which they analyse practical cases.[\/vc_column_text][\/vc_column_inner][vc_column_inner width=&#8221;1\/4&#8243;][mk_circle_image src=&#8221;https:\/\/bergetalent.es\/wp-content\/uploads\/2015\/11\/fp2.jpg&#8221; image_diameter=&#8221;180&#8243;][\/vc_column_inner][\/vc_row_inner][vc_row_inner css=&#8221;.vc_custom_1448267642748{padding-top: 0px !important;padding-right: 0px !important;padding-bottom: 0px !important;padding-left: 0px !important;}&#8221; el_class=&#8221;objetivos&#8221;][vc_column_inner width=&#8221;1\/4&#8243; css=&#8221;.vc_custom_1448274196171{margin-bottom: 0px !important;}&#8221;][mk_circle_image src=&#8221;https:\/\/bergetalent.es\/wp-content\/uploads\/2015\/11\/fp3.jpg&#8221; image_diameter=&#8221;180&#8243;][\/vc_column_inner][vc_column_inner width=&#8221;3\/4&#8243; css=&#8221;.vc_custom_1448274173018{margin-bottom: 0px !important;}&#8221;][mk_fancy_title tag_name=&#8221;h1&#8243; color=&#8221;#7992b6&#8243; size=&#8221;22&#8243; font_weight=&#8221;bold&#8221; txt_transform=&#8221;uppercase&#8221; margin_top=&#8221;65&#8243; margin_bottom=&#8221;0&#8243; font_family=&#8221;Exo&#8221; font_type=&#8221;google&#8221;]SPANISH LESSONS[\/mk_fancy_title][vc_column_text]Students receive Spanish classes two days per week throughout their stay.[\/vc_column_text][\/vc_column_inner][\/vc_row_inner][vc_row_inner css=&#8221;.vc_custom_1448267642748{padding-top: 0px !important;padding-right: 0px !important;padding-bottom: 0px !important;padding-left: 0px !important;}&#8221; el_class=&#8221;objetivos&#8221;][vc_column_inner width=&#8221;3\/4&#8243; css=&#8221;.vc_custom_1448274188161{margin-bottom: 0px !important;}&#8221;][mk_fancy_title tag_name=&#8221;h1&#8243; color=&#8221;#7992b6&#8243; size=&#8221;22&#8243; font_weight=&#8221;bold&#8221; txt_transform=&#8221;uppercase&#8221; margin_top=&#8221;90&#8243; margin_bottom=&#8221;0&#8243; font_family=&#8221;Exo&#8221; font_type=&#8221;google&#8221; align=&#8221;right&#8221;]RECEPTIONS AT THE EMBASSIES OF JAPAN AND KOREA[\/mk_fancy_title][\/vc_column_inner][vc_column_inner width=&#8221;1\/4&#8243; css=&#8221;.vc_custom_1448274164929{margin-bottom: 0px !important;}&#8221;][mk_circle_image src=&#8221;https:\/\/bergetalent.es\/wp-content\/uploads\/2015\/11\/fp4.jpg&#8221; image_diameter=&#8221;180&#8243;][\/vc_column_inner][\/vc_row_inner][vc_row_inner css=&#8221;.vc_custom_1448267642748{padding-top: 0px !important;padding-right: 0px !important;padding-bottom: 0px !important;padding-left: 0px !important;}&#8221; el_class=&#8221;objetivos&#8221;][vc_column_inner width=&#8221;1\/4&#8243; css=&#8221;.vc_custom_1448274155356{margin-bottom: 0px !important;}&#8221;][mk_circle_image src=&#8221;https:\/\/bergetalent.es\/wp-content\/uploads\/2015\/11\/fp5.jpg&#8221; image_diameter=&#8221;180&#8243;][\/vc_column_inner][vc_column_inner width=&#8221;3\/4&#8243; css=&#8221;.vc_custom_1448274179723{margin-bottom: 0px !important;}&#8221;][mk_fancy_title tag_name=&#8221;h1&#8243; color=&#8221;#7992b6&#8243; size=&#8221;22&#8243; font_weight=&#8221;bold&#8221; txt_transform=&#8221;uppercase&#8221; margin_top=&#8221;45&#8243; margin_bottom=&#8221;0&#8243; font_family=&#8221;Exo&#8221; font_type=&#8221;google&#8221;]VISIT TO JAPANESE &amp;\u00a0KOREAN COMPANIES[\/mk_fancy_title][vc_column_text]In order to become acquainted with a company from\u00a0their country of origin in Spain, visits are organised for them to Hyundai and Toyota. During the session, they get to know the details of the company and visit their facilities.[\/vc_column_text][\/vc_column_inner][\/vc_row_inner][vc_row_inner css=&#8221;.vc_custom_1448267642748{padding-top: 0px !important;padding-right: 0px !important;padding-bottom: 0px !important;padding-left: 0px !important;}&#8221; el_class=&#8221;objetivos&#8221;][vc_column_inner width=&#8221;3\/4&#8243; css=&#8221;.vc_custom_1448274211921{margin-bottom: 0px !important;}&#8221;][mk_fancy_title tag_name=&#8221;h1&#8243; color=&#8221;#7992b6&#8243; size=&#8221;22&#8243; font_weight=&#8221;bold&#8221; txt_transform=&#8221;uppercase&#8221; margin_top=&#8221;55&#8243; margin_bottom=&#8221;0&#8243; font_family=&#8221;Exo&#8221; font_type=&#8221;google&#8221; align=&#8221;right&#8221;]VISIT TO THE CIEMPOZUELOS VEHICLE LOGISTICS CENTRE[\/mk_fancy_title][vc_column_text align=&#8221;right&#8221;]One of Berg\u00e9\u2019s main businesses is the distribution and logistics of vehicles. A field visit to the vehicle storage compound in Madrid is organised for this purpose, where interns\u00a0receive first hand explanations regarding the operation of the logistics centre.[\/vc_column_text][\/vc_column_inner][vc_column_inner width=&#8221;1\/4&#8243;][mk_circle_image src=&#8221;https:\/\/bergetalent.es\/wp-content\/uploads\/2015\/11\/fp6.jpg&#8221; image_diameter=&#8221;180&#8243;][\/vc_column_inner][\/vc_row_inner][\/vc_column][\/mk_page_section][mk_page_section padding_top=&#8221;30&#8243; padding_bottom=&#8221;80&#8243; el_class=&#8221;actividades&#8221; sidebar=&#8221;sidebar-1&#8243;][vc_column][mk_fancy_title tag_name=&#8221;h1&#8243; color=&#8221;#7992b6&#8243; size=&#8221;27&#8243; font_weight=&#8221;bold&#8221; txt_transform=&#8221;uppercase&#8221; margin_top=&#8221;30&#8243; margin_bottom=&#8221;0&#8243; font_family=&#8221;Exo&#8221; font_type=&#8221;google&#8221; align=&#8221;center&#8221;]CULTURAL, LEISURE AND GASTRONOMY VISITS[\/mk_fancy_title][mk_divider style=&#8221;thin_solid&#8221; divider_width=&#8221;custom_width&#8221; custom_width=&#8221;70&#8243; thickness=&#8221;5&#8243; margin_top=&#8221;0&#8243; margin_bottom=&#8221;60&#8243;][vc_row_inner css=&#8221;.vc_custom_1448267642748{padding-top: 0px !important;padding-right: 0px !important;padding-bottom: 0px !important;padding-left: 0px !important;}&#8221; el_class=&#8221;objetivos&#8221;][vc_column_inner width=&#8221;1\/4&#8243; css=&#8221;.vc_custom_1448274155356{margin-bottom: 0px !important;}&#8221;][mk_circle_image src=&#8221;https:\/\/bergetalent.es\/wp-content\/uploads\/2015\/11\/cult1.jpg&#8221; image_diameter=&#8221;180&#8243;][\/vc_column_inner][vc_column_inner width=&#8221;3\/4&#8243; css=&#8221;.vc_custom_1448274179723{margin-bottom: 0px !important;}&#8221;][mk_fancy_title tag_name=&#8221;h1&#8243; color=&#8221;#7992b6&#8243; size=&#8221;22&#8243; font_weight=&#8221;bold&#8221; txt_transform=&#8221;uppercase&#8221; margin_top=&#8221;55&#8243; margin_bottom=&#8221;0&#8243; font_family=&#8221;Exo&#8221; font_type=&#8221;google&#8221;]TOURIST OUTINGS[\/mk_fancy_title][vc_column_text]Valencia, Santiago de Compostela, Toledo, Segovia, Barcelona or Salamanca are some of the Spanish cities to visit during their stay in Spain.[\/vc_column_text][\/vc_column_inner][\/vc_row_inner][vc_row_inner css=&#8221;.vc_custom_1448267642748{padding-top: 0px !important;padding-right: 0px !important;padding-bottom: 0px !important;padding-left: 0px !important;}&#8221; el_class=&#8221;objetivos&#8221;][vc_column_inner width=&#8221;3\/4&#8243; css=&#8221;.vc_custom_1448274211921{margin-bottom: 0px !important;}&#8221;][mk_fancy_title tag_name=&#8221;h1&#8243; color=&#8221;#7992b6&#8243; size=&#8221;22&#8243; font_weight=&#8221;bold&#8221; txt_transform=&#8221;uppercase&#8221; margin_top=&#8221;65&#8243; margin_bottom=&#8221;0&#8243; font_family=&#8221;Exo&#8221; font_type=&#8221;google&#8221; align=&#8221;right&#8221;]VISIT TO SANTIAGO BERNAB\u00c9U[\/mk_fancy_title][vc_column_text align=&#8221;right&#8221;]A visit to the Santiago Bernabeu Stadium is organised every year.<br \/>\nThere,\u00a0they enjoy a tour and attend a game.[\/vc_column_text][\/vc_column_inner][vc_column_inner width=&#8221;1\/4&#8243;][mk_circle_image src=&#8221;https:\/\/bergetalent.es\/wp-content\/uploads\/2015\/11\/cult2.jpg&#8221; image_diameter=&#8221;180&#8243;][\/vc_column_inner][\/vc_row_inner][vc_row_inner css=&#8221;.vc_custom_1448267642748{padding-top: 0px !important;padding-right: 0px !important;padding-bottom: 0px !important;padding-left: 0px !important;}&#8221; el_class=&#8221;objetivos&#8221;][vc_column_inner width=&#8221;1\/4&#8243; css=&#8221;.vc_custom_1448274155356{margin-bottom: 0px !important;}&#8221;][mk_circle_image src=&#8221;https:\/\/bergetalent.es\/wp-content\/uploads\/2015\/11\/cult3.jpg&#8221; image_diameter=&#8221;180&#8243;][\/vc_column_inner][vc_column_inner width=&#8221;3\/4&#8243; css=&#8221;.vc_custom_1448274179723{margin-bottom: 0px !important;}&#8221;][mk_fancy_title tag_name=&#8221;h1&#8243; color=&#8221;#7992b6&#8243; size=&#8221;22&#8243; font_weight=&#8221;bold&#8221; txt_transform=&#8221;uppercase&#8221; margin_top=&#8221;75&#8243; margin_bottom=&#8221;0&#8243; font_family=&#8221;Exo&#8221; font_type=&#8221;google&#8221;]VISIT TO CUZCURRITA CASTLE AND ITS WINERIES[\/mk_fancy_title][vc_column_text]Enjoy a guided tour and tasting at its wineries and stay in the castle.[\/vc_column_text][\/vc_column_inner][\/vc_row_inner][vc_row_inner css=&#8221;.vc_custom_1448267642748{padding-top: 0px !important;padding-right: 0px !important;padding-bottom: 0px !important;padding-left: 0px !important;}&#8221; el_class=&#8221;objetivos&#8221;][vc_column_inner width=&#8221;3\/4&#8243; css=&#8221;.vc_custom_1448274211921{margin-bottom: 0px !important;}&#8221;][mk_fancy_title tag_name=&#8221;h1&#8243; color=&#8221;#7992b6&#8243; size=&#8221;22&#8243; font_weight=&#8221;bold&#8221; txt_transform=&#8221;uppercase&#8221; margin_top=&#8221;75&#8243; margin_bottom=&#8221;0&#8243; font_family=&#8221;Exo&#8221; font_type=&#8221;google&#8221; align=&#8221;right&#8221;]GASTRONOMIC EVENTS[\/mk_fancy_title][vc_column_text align=&#8221;right&#8221;]Allow the students to gain a greater appreciation of Spanish gastronomy.[\/vc_column_text][\/vc_column_inner][vc_column_inner width=&#8221;1\/4&#8243;][mk_circle_image src=&#8221;https:\/\/bergetalent.es\/wp-content\/uploads\/2015\/11\/cult4.jpg&#8221; image_diameter=&#8221;180&#8243;][\/vc_column_inner][\/vc_row_inner][\/vc_column][\/mk_page_section]\n<\/div>","protected":false},"excerpt":{"rendered":"<p>[mk_page_section bg_position=&#8221;center center&#8221; bg_repeat=&#8221;no-repeat&#8221; min_height=&#8221;0&#8243; full_width=&#8221;true&#8221; padding_top=&#8221;0&#8243; padding_bottom=&#8221;0&#8243; el_class=&#8221;fondocab&#8221; sidebar=&#8221;sidebar-1&#8243;][vc_column][mk_image src=&#8221;https:\/\/bergetalent.es\/wp-content\/uploads\/2015\/11\/actividades.jpg&#8221; image_size=&#8221;full&#8221; margin_bottom=&#8221;0&#8243;][\/vc_column][\/mk_page_section][mk_page_section bg_image=&#8221;https:\/\/bergetalent.es\/wp-content\/uploads\/2015\/11\/fondo1.png&#8221; attachment=&#8221;fixed&#8221; bg_repeat=&#8221;no-repeat&#8221; padding_top=&#8221;60&#8243; padding_bottom=&#8221;60&#8243; sidebar=&#8221;sidebar-1&#8243;][vc_column][vc_row_inner][vc_column_inner width=&#8221;2\/3&#8243;][mk_fancy_title tag_name=&#8221;h1&#8243; color=&#8221;#7992b6&#8243; size=&#8221;27&#8243; font_weight=&#8221;bold&#8221; txt_transform=&#8221;uppercase&#8221; margin_top=&#8221;30&#8243; margin_bottom=&#8221;0&#8243; font_family=&#8221;Exo&#8221; font_type=&#8221;google&#8221; align=&#8221;center&#8221;]Berg\u00e9 International Talent Programme[\/mk_fancy_title][mk_divider style=&#8221;thin_solid&#8221; divider_width=&#8221;custom_width&#8221; custom_width=&#8221;70&#8243; thickness=&#8221;5&#8243; margin_top=&#8221;0&#8243; margin_bottom=&#8221;60&#8243;][mk_fancy_title tag_name=&#8221;h1&#8243; color=&#8221;#16325c&#8221; size=&#8221;26&#8243; font_weight=&#8221;bold&#8221; txt_transform=&#8221;uppercase&#8221; margin_top=&#8221;10&#8243; margin_bottom=&#8221;0&#8243; font_family=&#8221;Exo&#8221; font_type=&#8221;google&#8221; align=&#8221;center&#8221;]FOUR WEEKS OF SPANISH COURSES IN THE [&hellip;]<\/p>\n","protected":false},"author":8,"featured_media":0,"parent":932,"menu_order":0,"comment_status":"closed","ping_status":"closed","template":"","meta":{"footnotes":""},"class_list":["post-936","page","type-page","status-publish","hentry"],"aioseo_notices":[],"_links":{"self":[{"href":"https:\/\/bergetalent.es\/en\/wp-json\/wp\/v2\/pages\/936","targetHints":{"allow":["GET"]}}],"collection":[{"href":"https:\/\/bergetalent.es\/en\/wp-json\/wp\/v2\/pages"}],"about":[{"href":"https:\/\/bergetalent.es\/en\/wp-json\/wp\/v2\/types\/page"}],"author":[{"embeddable":true,"href":"https:\/\/bergetalent.es\/en\/wp-json\/wp\/v2\/users\/8"}],"replies":[{"embeddable":true,"href":"https:\/\/bergetalent.es\/en\/wp-json\/wp\/v2\/comments?post=936"}],"version-history":[{"count":16,"href":"https:\/\/bergetalent.es\/en\/wp-json\/wp\/v2\/pages\/936\/revisions"}],"predecessor-version":[{"id":3118,"href":"https:\/\/bergetalent.es\/en\/wp-json\/wp\/v2\/pages\/936\/revisions\/3118"}],"up":[{"embeddable":true,"href":"https:\/\/bergetalent.es\/en\/wp-json\/wp\/v2\/pages\/932"}],"wp:attachment":[{"href":"https:\/\/bergetalent.es\/en\/wp-json\/wp\/v2\/media?parent=936"}],"curies":[{"name":"wp","href":"https:\/\/api.w.org\/{rel}","templated":true}]}}