{"id":945,"date":"2015-11-23T17:16:22","date_gmt":"2015-11-23T17:16:22","guid":{"rendered":"https:\/\/bergetalent.es\/en\/the-programme\/berge-y-asia\/"},"modified":"2020-10-24T18:57:11","modified_gmt":"2020-10-24T18:57:11","slug":"berge-korea-and-japan","status":"publish","type":"page","link":"https:\/\/bergetalent.es\/en\/about-berge-y-cia\/berge-korea-and-japan\/","title":{"rendered":"Berg\u00e9 y Compa\u00f1\u00eda, Korea and Japan"},"content":{"rendered":"<div class=\"wpb-content-wrapper\">[mk_page_section bg_image=&#8221;https:\/\/bergetalent.es\/wp-content\/uploads\/2015\/11\/fondo_bcj_2.jpg&#8221; attachment=&#8221;fixed&#8221; bg_position=&#8221;center center&#8221; bg_repeat=&#8221;no-repeat&#8221; bg_stretch=&#8221;true&#8221; enable_3d=&#8221;true&#8221; speed_factor=&#8221;0.8&#8243; bg_gradient=&#8221;left_top&#8221; video_color_mask=&#8221;#263042&#8243; gr_end=&#8221;rgba(255,255,255,0.01)&#8221; video_opacity=&#8221;0.4&#8243; min_height=&#8221;0&#8243; full_width=&#8221;true&#8221; full_height=&#8221;true&#8221; padding_top=&#8221;0&#8243; padding_bottom=&#8221;0&#8243; skip_arrow=&#8221;true&#8221; top_shape_color=&#8221;#ffffff&#8221; bottom_shape_color=&#8221;#ffffff&#8221; sidebar=&#8221;sidebar-1&#8243;][vc_column][mk_revslider id=&#8221;bcj_en&#8221;][\/vc_column][\/mk_page_section][mk_page_section bg_color=&#8221;#d1def1&#8243; attachment=&#8221;fixed&#8221; bg_position=&#8221;center center&#8221; bg_repeat=&#8221;no-repeat&#8221; full_width=&#8221;true&#8221; padding_top=&#8221;100&#8243; padding_bottom=&#8221;150&#8243; skip_arrow=&#8221;true&#8221; skip_arrow_skin=&#8221;dark&#8221; top_shape_color=&#8221;#d1def1&#8243; has_bottom_shape_divider=&#8221;true&#8221; bottom_shape_color=&#8221;#ededed&#8221; sidebar=&#8221;sidebar-1&#8243;][vc_column][mk_image src=&#8221;https:\/\/bergetalent.es\/wp-content\/uploads\/2018\/09\/banderas-peq01.png&#8221; image_size=&#8221;full&#8221; align=&#8221;center&#8221; margin_bottom=&#8221;60&#8243; animation=&#8221;top-to-bottom&#8221;][vc_row_inner css=&#8221;.vc_custom_1464695224951{margin-top: 0px !important;margin-bottom: 0px !important;padding-top: 0px !important;padding-bottom: 0px !important;}&#8221;][vc_column_inner width=&#8221;1\/3&#8243;][\/vc_column_inner][vc_column_inner width=&#8221;1\/3&#8243;][mk_fancy_title color=&#8221;#16325c&#8221; size=&#8221;28&#8243; force_font_size=&#8221;true&#8221; size_smallscreen=&#8221;28&#8243; size_tablet=&#8221;24&#8243; size_phone=&#8221;22&#8243; font_weight=&#8221;bold&#8221; margin_bottom=&#8221;0&#8243; font_family=&#8221;Exo&#8221; font_type=&#8221;google&#8221; align=&#8221;center&#8221; animation=&#8221;bottom-to-top&#8221;]The relationship with Korea and Japan has enriched the value proposal of the Berg\u00e9 group.[\/mk_fancy_title][vc_column_text align=&#8221;center&#8221;]Years of successful collaboration have not only achieved a series of commercial agreements, but have reached far beyond that to share values.[\/vc_column_text][\/vc_column_inner][vc_column_inner width=&#8221;1\/3&#8243;][\/vc_column_inner][\/vc_row_inner][\/vc_column][\/mk_page_section][mk_page_section bg_color=&#8221;#ededed&#8221; padding_top=&#8221;50&#8243; padding_bottom=&#8221;100&#8243; skip_arrow=&#8221;true&#8221; skip_arrow_skin=&#8221;dark&#8221; section_id=&#8221;hoy&#8221; sidebar=&#8221;sidebar-1&#8243;][vc_column][vc_row_inner css=&#8221;.vc_custom_1464695201347{margin-top: 0px !important;margin-bottom: 0px !important;padding-top: 0px !important;padding-bottom: 0px !important;}&#8221;][vc_column_inner width=&#8221;1\/6&#8243;][\/vc_column_inner][vc_column_inner width=&#8221;2\/3&#8243;][mk_fancy_title size=&#8221;32&#8243; force_font_size=&#8221;true&#8221; size_smallscreen=&#8221;28&#8243; size_tablet=&#8221;24&#8243; size_phone=&#8221;22&#8243; font_weight=&#8221;bold&#8221; margin_bottom=&#8221;50&#8243; font_family=&#8221;Exo&#8221; font_type=&#8221;google&#8221; align=&#8221;center&#8221; animation=&#8221;bottom-to-top&#8221;]Main activities shared<br \/>\nwith Korea and Japan[\/mk_fancy_title][\/vc_column_inner][vc_column_inner width=&#8221;1\/6&#8243;][\/vc_column_inner][\/vc_row_inner][vc_row_inner][vc_column_inner width=&#8221;1\/2&#8243;][mk_custom_box corner_radius=&#8221;5&#8243; padding_vertical=&#8221;50&#8243; padding_horizental=&#8221;40&#8243; margin_bottom=&#8221;20&#8243; bg_color=&#8221;#ffffff&#8221;][mk_icon_box2 icon_type=&#8221;image&#8221; icon_size=&#8221;128&#8243; icon_image=&#8221;https:\/\/bergetalent.es\/wp-content\/uploads\/2015\/11\/distrib.png&#8221; title=&#8221;DISTRIBUTION AND SALES&#8221; title_weight=&#8221;bold&#8221; title_top_padding=&#8221;30&#8243; title_bottom_padding=&#8221;30&#8243; read_more_url=&#8221;http:\/\/bergeauto.es\/es&#8221; animation=&#8221;fade-in&#8221;]The most well-known car firms in Japan and Korea, such as Toyota, Hyundai, Mitsubishi, Subaru, Infiniti, Kia or SsangYong, are being represented (or have been represented in the past) by Berg\u00e9 y Compa\u00f1\u00eda\u2019s Automotive division. In korea, more than 800.000 units have been sold.[\/mk_icon_box2][\/mk_custom_box][mk_custom_box corner_radius=&#8221;5&#8243; padding_vertical=&#8221;50&#8243; padding_horizental=&#8221;40&#8243; margin_bottom=&#8221;20&#8243; bg_color=&#8221;#ffffff&#8221;][mk_icon_box2 icon_type=&#8221;image&#8221; icon_size=&#8221;128&#8243; icon_image=&#8221;https:\/\/bergetalent.es\/wp-content\/uploads\/2015\/11\/componentes.png&#8221; title=&#8221;COMPONENTS LOGISTICS&#8221; title_weight=&#8221;bold&#8221; title_top_padding=&#8221;30&#8243; title_bottom_padding=&#8221;30&#8243; read_more_url=&#8221;http:\/\/bergeauto.es\/es&#8221; animation=&#8221;fade-in&#8221;]Berg\u00e9 y Compa\u00f1\u00eda develops the sophisticated and complex task of serving components to automobile manufacturers through its value-added logistics negotiation unit.[\/mk_icon_box2][\/mk_custom_box][mk_custom_box corner_radius=&#8221;5&#8243; padding_vertical=&#8221;50&#8243; padding_horizental=&#8221;40&#8243; margin_bottom=&#8221;20&#8243; bg_color=&#8221;#ffffff&#8221;][mk_icon_box2 icon_type=&#8221;image&#8221; icon_size=&#8221;128&#8243; icon_image=&#8221;https:\/\/bergetalent.es\/wp-content\/uploads\/2015\/11\/recambia-1.png&#8221; title=&#8221;REPLACEMENT LOGISTICS&#8221; title_weight=&#8221;bold&#8221; title_top_padding=&#8221;30&#8243; title_bottom_padding=&#8221;30&#8243; read_more_url=&#8221;http:\/\/bergeauto.es\/es&#8221; animation=&#8221;fade-in&#8221;]With the collaboration of subsidiary Recambia, Berg\u00e9 y Compa\u00f1\u00eda manages all the logistics process of spare parts for Mobis (Hyundai and Kia), Ssang Yong, Mitsubishi, Infiniti or Subaru.[\/mk_icon_box2][\/mk_custom_box][\/vc_column_inner][vc_column_inner width=&#8221;1\/2&#8243;][mk_custom_box corner_radius=&#8221;5&#8243; padding_vertical=&#8221;50&#8243; padding_horizental=&#8221;40&#8243; margin_bottom=&#8221;20&#8243; bg_color=&#8221;#ffffff&#8221;][mk_icon_box2 icon_type=&#8221;image&#8221; icon_size=&#8221;128&#8243; icon_image=&#8221;https:\/\/bergetalent.es\/wp-content\/uploads\/2015\/11\/campa.png&#8221; title=&#8221;AUTOMOBILE LOGISTICS&#8221; title_weight=&#8221;bold&#8221; title_top_padding=&#8221;30&#8243; title_bottom_padding=&#8221;30&#8243; read_more_url=&#8221;http:\/\/bergeauto.es\/es&#8221; animation=&#8221;fade-in&#8221;]Berg\u00e9 Automotive Logistics is responsible for the transport, storage and refurbishment of Korean automobiles from Glovis (Hyundai, Kia), Infiniti and SsangYong; and Japanese automobiles from Toyota, Lexus, Mitsubishi and Subaru. With Glovis alone, more than one million vehicles have already been managed.[\/mk_icon_box2][\/mk_custom_box][mk_custom_box corner_radius=&#8221;5&#8243; padding_vertical=&#8221;50&#8243; padding_horizental=&#8221;40&#8243; margin_bottom=&#8221;20&#8243; bg_color=&#8221;#ffffff&#8221;][mk_icon_box2 icon_type=&#8221;image&#8221; icon_size=&#8221;128&#8243; icon_image=&#8221;https:\/\/bergetalent.es\/wp-content\/uploads\/2015\/11\/kline.png&#8221; title=&#8221;REGULAR LINES&#8221; title_weight=&#8221;bold&#8221; title_top_padding=&#8221;30&#8243; title_bottom_padding=&#8221;30&#8243; read_more_url=&#8221;http:\/\/www.kline.es&#8221; animation=&#8221;fade-in&#8221;]Berg\u00e9, through its shipping division, is the agent in Spain for Kawasaki Kisen Kaisha (\u201cK\u201d Line) Car Carrier (ro-ro ships) from Spain to the Gulf of Mexico, USA and Far East. It is also possible for Berg\u00e9 to carry out cross-trade operations worldwide.[\/mk_icon_box2][\/mk_custom_box][\/vc_column_inner][\/vc_row_inner][\/vc_column][\/mk_page_section][mk_page_section bg_color=&#8221;#132c55&#8243; bg_position=&#8221;center center&#8221; bg_repeat=&#8221;no-repeat&#8221; bg_gradient=&#8221;vertical&#8221; video_color_mask=&#8221;#316794&#8243; gr_end=&#8221;#132c55&#8243; video_opacity=&#8221;1&#8243; padding_top=&#8221;100&#8243; padding_bottom=&#8221;0&#8243; has_top_shape_divider=&#8221;true&#8221; top_shape_color=&#8221;#ededed&#8221; top_shape_bg_color=&#8221;#32658f&#8221; bottom_shape_color=&#8221;#ffffff&#8221; section_id=&#8221;historia&#8221; sidebar=&#8221;sidebar-1&#8243;][vc_column][vc_row_inner css=&#8221;.vc_custom_1464695201347{margin-top: 0px !important;margin-bottom: 0px !important;padding-top: 0px !important;padding-bottom: 0px !important;}&#8221;][vc_column_inner width=&#8221;1\/6&#8243;][\/vc_column_inner][vc_column_inner width=&#8221;2\/3&#8243;][mk_fancy_title color=&#8221;#ffffff&#8221; size=&#8221;32&#8243; force_font_size=&#8221;true&#8221; size_smallscreen=&#8221;28&#8243; size_tablet=&#8221;24&#8243; size_phone=&#8221;22&#8243; font_weight=&#8221;bold&#8221; margin_bottom=&#8221;50&#8243; font_family=&#8221;Exo&#8221; font_type=&#8221;google&#8221; align=&#8221;center&#8221; animation=&#8221;bottom-to-top&#8221;]Historical milestones in Berg\u00e9&#8217;s relationship with Korea and Japan[\/mk_fancy_title][\/vc_column_inner][vc_column_inner width=&#8221;1\/6&#8243;][\/vc_column_inner][\/vc_row_inner][mk_image src=&#8221;https:\/\/bergetalent.es\/wp-content\/uploads\/2018\/09\/historia_buena-en.jpg&#8221; image_width=&#8221;1140&#8243; image_height=&#8221;5880&#8243; align=&#8221;center&#8221; margin_bottom=&#8221;0&#8243; animation=&#8221;bottom-to-top&#8221;][\/vc_column][\/mk_page_section]\n<\/div>","protected":false},"excerpt":{"rendered":"<p>[mk_page_section bg_image=&#8221;https:\/\/bergetalent.es\/wp-content\/uploads\/2015\/11\/fondo_bcj_2.jpg&#8221; attachment=&#8221;fixed&#8221; bg_position=&#8221;center center&#8221; bg_repeat=&#8221;no-repeat&#8221; bg_stretch=&#8221;true&#8221; enable_3d=&#8221;true&#8221; speed_factor=&#8221;0.8&#8243; bg_gradient=&#8221;left_top&#8221; video_color_mask=&#8221;#263042&#8243; gr_end=&#8221;rgba(255,255,255,0.01)&#8221; video_opacity=&#8221;0.4&#8243; min_height=&#8221;0&#8243; full_width=&#8221;true&#8221; full_height=&#8221;true&#8221; padding_top=&#8221;0&#8243; padding_bottom=&#8221;0&#8243; skip_arrow=&#8221;true&#8221; top_shape_color=&#8221;#ffffff&#8221; bottom_shape_color=&#8221;#ffffff&#8221; sidebar=&#8221;sidebar-1&#8243;][vc_column][mk_revslider id=&#8221;bcj_en&#8221;][\/vc_column][\/mk_page_section][mk_page_section bg_color=&#8221;#d1def1&#8243; attachment=&#8221;fixed&#8221; bg_position=&#8221;center center&#8221; bg_repeat=&#8221;no-repeat&#8221; full_width=&#8221;true&#8221; padding_top=&#8221;100&#8243; padding_bottom=&#8221;150&#8243; skip_arrow=&#8221;true&#8221; skip_arrow_skin=&#8221;dark&#8221; top_shape_color=&#8221;#d1def1&#8243; has_bottom_shape_divider=&#8221;true&#8221; bottom_shape_color=&#8221;#ededed&#8221; sidebar=&#8221;sidebar-1&#8243;][vc_column][mk_image src=&#8221;https:\/\/bergetalent.es\/wp-content\/uploads\/2018\/09\/banderas-peq01.png&#8221; image_size=&#8221;full&#8221; align=&#8221;center&#8221; margin_bottom=&#8221;60&#8243; animation=&#8221;top-to-bottom&#8221;][vc_row_inner css=&#8221;.vc_custom_1464695224951{margin-top: 0px !important;margin-bottom: 0px !important;padding-top: 0px !important;padding-bottom: 0px !important;}&#8221;][vc_column_inner width=&#8221;1\/3&#8243;][\/vc_column_inner][vc_column_inner width=&#8221;1\/3&#8243;][mk_fancy_title color=&#8221;#16325c&#8221; size=&#8221;28&#8243; [&hellip;]<\/p>\n","protected":false},"author":8,"featured_media":0,"parent":958,"menu_order":0,"comment_status":"closed","ping_status":"closed","template":"","meta":{"footnotes":""},"class_list":["post-945","page","type-page","status-publish","hentry"],"aioseo_notices":[],"_links":{"self":[{"href":"https:\/\/bergetalent.es\/en\/wp-json\/wp\/v2\/pages\/945","targetHints":{"allow":["GET"]}}],"collection":[{"href":"https:\/\/bergetalent.es\/en\/wp-json\/wp\/v2\/pages"}],"about":[{"href":"https:\/\/bergetalent.es\/en\/wp-json\/wp\/v2\/types\/page"}],"author":[{"embeddable":true,"href":"https:\/\/bergetalent.es\/en\/wp-json\/wp\/v2\/users\/8"}],"replies":[{"embeddable":true,"href":"https:\/\/bergetalent.es\/en\/wp-json\/wp\/v2\/comments?post=945"}],"version-history":[{"count":14,"href":"https:\/\/bergetalent.es\/en\/wp-json\/wp\/v2\/pages\/945\/revisions"}],"predecessor-version":[{"id":3184,"href":"https:\/\/bergetalent.es\/en\/wp-json\/wp\/v2\/pages\/945\/revisions\/3184"}],"up":[{"embeddable":true,"href":"https:\/\/bergetalent.es\/en\/wp-json\/wp\/v2\/pages\/958"}],"wp:attachment":[{"href":"https:\/\/bergetalent.es\/en\/wp-json\/wp\/v2\/media?parent=945"}],"curies":[{"name":"wp","href":"https:\/\/api.w.org\/{rel}","templated":true}]}}