{"id":958,"date":"2015-11-20T09:51:54","date_gmt":"2015-11-20T09:51:54","guid":{"rendered":"https:\/\/bergetalent.es\/en\/que-es-berge-y-cia\/"},"modified":"2023-09-06T12:37:36","modified_gmt":"2023-09-06T10:37:36","slug":"about-berge-y-cia","status":"publish","type":"page","link":"https:\/\/bergetalent.es\/en\/about-berge-y-cia\/","title":{"rendered":"About Berg\u00e9 y C\u00eda"},"content":{"rendered":"<div class=\"wpb-content-wrapper\">[mk_page_section bg_position=&#8221;center center&#8221; bg_repeat=&#8221;no-repeat&#8221; min_height=&#8221;0&#8243; full_width=&#8221;true&#8221; padding_top=&#8221;0&#8243; padding_bottom=&#8221;0&#8243; el_class=&#8221;fondocab&#8221; sidebar=&#8221;sidebar-1&#8243;][vc_column][mk_image src=&#8221;https:\/\/bergetalent.es\/wp-content\/uploads\/2015\/11\/quees.jpg&#8221; image_size=&#8221;full&#8221; margin_bottom=&#8221;0&#8243;][\/vc_column][\/mk_page_section][mk_page_section padding_top=&#8221;60&#8243; padding_bottom=&#8221;30&#8243; margin_bottom=&#8221;30&#8243; sidebar=&#8221;sidebar-1&#8243;][vc_column][mk_image src=&#8221;https:\/\/bergetalent.es\/wp-content\/uploads\/2023\/07\/logos-berge_talent_logo-03.png&#8221; image_width=&#8221;200&#8243; link=&#8221;https:\/\/www.bergeycia.es\/index.php?nOp=1&amp;idioma=en&#8221; target=&#8221;_blank&#8221; align=&#8221;center&#8221; margin_bottom=&#8221;30&#8243; crop=&#8221;false&#8221;][mk_fancy_title tag_name=&#8221;h1&#8243; color=&#8221;#7992b6&#8243; size=&#8221;27&#8243; font_weight=&#8221;bold&#8221; txt_transform=&#8221;uppercase&#8221; margin_top=&#8221;30&#8243; margin_bottom=&#8221;0&#8243; font_family=&#8221;Exo&#8221; font_type=&#8221;google&#8221; align=&#8221;center&#8221;]A major Spanish business group[\/mk_fancy_title][mk_divider style=&#8221;thin_solid&#8221; divider_width=&#8221;custom_width&#8221; custom_width=&#8221;70&#8243; thickness=&#8221;5&#8243; margin_top=&#8221;0&#8243; margin_bottom=&#8221;30&#8243;][vc_row_inner css=&#8221;.vc_custom_1448016914240{padding-top: 0px !important;padding-right: 0px !important;padding-bottom: 0px !important;padding-left: 0px !important;}&#8221;][vc_column_inner width=&#8221;1\/6&#8243;][\/vc_column_inner][vc_column_inner width=&#8221;2\/3&#8243;][vc_column_text align=&#8221;center&#8221;]We are an investment holding company that focuses its activities on the development and growth of its investee companies and on the search for new business.<\/p>\n<p><strong>Berg\u00e9 y Compa\u00f1\u00eda is a family business governed by a series of fundamental values \u200b\u200bthat drive our passion for the exceptional.<\/strong> The company feels committed to its investments, its employees and society in general.[\/vc_column_text][mk_button dimension=&#8221;outline&#8221; corner_style=&#8221;full_rounded&#8221; size=&#8221;medium&#8221; url=&#8221;https:\/\/www.bergeycia.es\/index.php?nOp=1&amp;idioma=en&#8221; target=&#8221;_blank&#8221; align=&#8221;center&#8221; margin_bottom=&#8221;0&#8243; outline_skin=&#8221;custom&#8221; outline_active_color=&#8221;#7992b6&#8243; outline_hover_color=&#8221;#ffffff&#8221;]GO TO THE BERG\u00c9 Y C\u00cdA WEBSITE[\/mk_button][\/vc_column_inner][vc_column_inner width=&#8221;1\/6&#8243;][\/vc_column_inner][\/vc_row_inner][\/vc_column][\/mk_page_section]\n<\/div>","protected":false},"excerpt":{"rendered":"<p>[mk_page_section bg_position=&#8221;center center&#8221; bg_repeat=&#8221;no-repeat&#8221; min_height=&#8221;0&#8243; full_width=&#8221;true&#8221; padding_top=&#8221;0&#8243; padding_bottom=&#8221;0&#8243; el_class=&#8221;fondocab&#8221; sidebar=&#8221;sidebar-1&#8243;][vc_column][mk_image src=&#8221;https:\/\/bergetalent.es\/wp-content\/uploads\/2015\/11\/quees.jpg&#8221; image_size=&#8221;full&#8221; margin_bottom=&#8221;0&#8243;][\/vc_column][\/mk_page_section][mk_page_section padding_top=&#8221;60&#8243; padding_bottom=&#8221;30&#8243; margin_bottom=&#8221;30&#8243; sidebar=&#8221;sidebar-1&#8243;][vc_column][mk_image src=&#8221;https:\/\/bergetalent.es\/wp-content\/uploads\/2023\/07\/logos-berge_talent_logo-03.png&#8221; image_width=&#8221;200&#8243; link=&#8221;https:\/\/www.bergeycia.es\/index.php?nOp=1&amp;idioma=en&#8221; target=&#8221;_blank&#8221; align=&#8221;center&#8221; margin_bottom=&#8221;30&#8243; crop=&#8221;false&#8221;][mk_fancy_title tag_name=&#8221;h1&#8243; color=&#8221;#7992b6&#8243; size=&#8221;27&#8243; font_weight=&#8221;bold&#8221; txt_transform=&#8221;uppercase&#8221; margin_top=&#8221;30&#8243; margin_bottom=&#8221;0&#8243; font_family=&#8221;Exo&#8221; font_type=&#8221;google&#8221; align=&#8221;center&#8221;]A major Spanish business group[\/mk_fancy_title][mk_divider style=&#8221;thin_solid&#8221; divider_width=&#8221;custom_width&#8221; custom_width=&#8221;70&#8243; thickness=&#8221;5&#8243; margin_top=&#8221;0&#8243; margin_bottom=&#8221;30&#8243;][vc_row_inner css=&#8221;.vc_custom_1448016914240{padding-top: 0px !important;padding-right: 0px !important;padding-bottom: 0px !important;padding-left: 0px !important;}&#8221;][vc_column_inner width=&#8221;1\/6&#8243;][\/vc_column_inner][vc_column_inner width=&#8221;2\/3&#8243;][vc_column_text [&hellip;]<\/p>\n","protected":false},"author":8,"featured_media":0,"parent":0,"menu_order":0,"comment_status":"closed","ping_status":"closed","template":"","meta":{"footnotes":""},"class_list":["post-958","page","type-page","status-publish","hentry"],"aioseo_notices":[],"_links":{"self":[{"href":"https:\/\/bergetalent.es\/en\/wp-json\/wp\/v2\/pages\/958","targetHints":{"allow":["GET"]}}],"collection":[{"href":"https:\/\/bergetalent.es\/en\/wp-json\/wp\/v2\/pages"}],"about":[{"href":"https:\/\/bergetalent.es\/en\/wp-json\/wp\/v2\/types\/page"}],"author":[{"embeddable":true,"href":"https:\/\/bergetalent.es\/en\/wp-json\/wp\/v2\/users\/8"}],"replies":[{"embeddable":true,"href":"https:\/\/bergetalent.es\/en\/wp-json\/wp\/v2\/comments?post=958"}],"version-history":[{"count":11,"href":"https:\/\/bergetalent.es\/en\/wp-json\/wp\/v2\/pages\/958\/revisions"}],"predecessor-version":[{"id":3491,"href":"https:\/\/bergetalent.es\/en\/wp-json\/wp\/v2\/pages\/958\/revisions\/3491"}],"wp:attachment":[{"href":"https:\/\/bergetalent.es\/en\/wp-json\/wp\/v2\/media?parent=958"}],"curies":[{"name":"wp","href":"https:\/\/api.w.org\/{rel}","templated":true}]}}