{"id":961,"date":"2015-11-20T11:46:28","date_gmt":"2015-11-20T11:46:28","guid":{"rendered":"https:\/\/bergetalent.es\/en\/what-is-berge-y-cia\/carta-del-presidente\/"},"modified":"2020-10-24T18:57:11","modified_gmt":"2020-10-24T18:57:11","slug":"letter-from-the-chairman","status":"publish","type":"page","link":"https:\/\/bergetalent.es\/en\/about-berge-y-cia\/letter-from-the-chairman\/","title":{"rendered":"Letter from the Chairman"},"content":{"rendered":"[mk_page_section bg_position=&#8221;center center&#8221; bg_repeat=&#8221;no-repeat&#8221; min_height=&#8221;0&#8243; full_width=&#8221;true&#8221; padding_top=&#8221;0&#8243; padding_bottom=&#8221;0&#8243; el_class=&#8221;fondocab&#8221; sidebar=&#8221;sidebar-1&#8243;][vc_column][mk_image src=&#8221;https:\/\/bergetalent.es\/wp-content\/uploads\/2015\/11\/carta.jpg&#8221; image_size=&#8221;full&#8221; margin_bottom=&#8221;0&#8243;][\/vc_column][\/mk_page_section][mk_page_section padding_top=&#8221;60&#8243; padding_bottom=&#8221;30&#8243; sidebar=&#8221;sidebar-1&#8243;][vc_column width=&#8221;1\/3&#8243; css=&#8221;.vc_custom_1448019836311{margin-bottom: 30px !important;}&#8221;][mk_circle_image src=&#8221;https:\/\/bergetalent.es\/wp-content\/uploads\/2015\/11\/presidente-2.jpg&#8221; image_diameter=&#8221;260&#8243;][\/vc_column][vc_column width=&#8221;2\/3&#8243; css=&#8221;.vc_custom_1448019828593{margin-bottom: 30px !important;}&#8221;][vc_column_text]\n<p style=\"text-align: justify;\">It gives me great pleasure to present the <strong>Berg\u00e9 International Talent Programme<\/strong> website.<\/p>\n<p style=\"text-align: justify;\"><strong>Berg\u00e9 y Compa\u00f1\u00eda<\/strong>\u2019s relations with Japan and Korea began 50 years ago and have been maintained and developed satisfactorily up to today.<\/p>\n<p style=\"text-align: justify;\">To date we have been collaborating with Korean companies such as Hyundai Motor Company, Kia Motors, Ssangyong Motor Company, Mobis , Glovis and Japanese companies like Toyota Motor Corporation, Mitsubishi Corporation, Mitsubishi Motors, Subaru Motor Company, Nissan Motor Company, Infiniti, Kawasaki Kisen Kaisha and others with which we will surely cooperate in the future.<\/p>\n<p style=\"text-align: justify;\">In 1992, I had the opportunity to complete internships at the central offices of two large Japanese multinationals in Tokyo. These were two great experiences and, therefore, I wanted to replicate the opportunity by offering Japanese and Korean students the chance to have their first business contact in Spain, and more specifically at Berg\u00e9 y Compa\u00f1\u00eda. For this reason, we have created and developed the Berg\u00e9 International Talent Programme with the help of two large universities, <strong>Hitotsubashi University<\/strong> in Japan and <strong>Chung-Ang<\/strong> of Korea.<\/p>\n<p style=\"text-align: justify;\">For me, it is a way of thanking Korea and Japan for both the commercial and personal relations that we have built up over the years that I hope will continue in the future.<\/p>\n<p style=\"text-align: justify;\">It is my wish that the Programme may contribute to a future in which hundreds of Japanese and Korean citizens have an important emotional link with Spain.<\/p>\n<p style=\"text-align: justify;\">I invite you to learn about the Programme. Welcome.<\/p>\n<p style=\"text-align: justify;\">Warmest regards,<\/p>\n<p style=\"text-align: justify;\"><strong><em>Jaime Gorbe\u00f1a<\/em><\/strong><br \/>\n<em>Chairman<\/em><br \/>\n<em> Berg\u00e9 y Compa\u00f1\u00eda.<\/em><\/p>\n[\/vc_column_text][\/vc_column][\/mk_page_section]\n","protected":false},"excerpt":{"rendered":"<p>[mk_page_section bg_position=&#8221;center center&#8221; bg_repeat=&#8221;no-repeat&#8221; min_height=&#8221;0&#8243; full_width=&#8221;true&#8221; padding_top=&#8221;0&#8243; padding_bottom=&#8221;0&#8243; el_class=&#8221;fondocab&#8221; sidebar=&#8221;sidebar-1&#8243;][vc_column][mk_image src=&#8221;https:\/\/bergetalent.es\/wp-content\/uploads\/2015\/11\/carta.jpg&#8221; image_size=&#8221;full&#8221; margin_bottom=&#8221;0&#8243;][\/vc_column][\/mk_page_section][mk_page_section padding_top=&#8221;60&#8243; padding_bottom=&#8221;30&#8243; sidebar=&#8221;sidebar-1&#8243;][vc_column width=&#8221;1\/3&#8243; css=&#8221;.vc_custom_1448019836311{margin-bottom: 30px !important;}&#8221;][mk_circle_image src=&#8221;https:\/\/bergetalent.es\/wp-content\/uploads\/2015\/11\/presidente-2.jpg&#8221; image_diameter=&#8221;260&#8243;][\/vc_column][vc_column width=&#8221;2\/3&#8243; css=&#8221;.vc_custom_1448019828593{margin-bottom: 30px !important;}&#8221;][vc_column_text] It gives me great pleasure to present the Berg\u00e9 International Talent Programme website. Berg\u00e9 y Compa\u00f1\u00eda\u2019s relations with Japan and Korea began 50 years ago and have been maintained [&hellip;]<\/p>\n","protected":false},"author":8,"featured_media":0,"parent":958,"menu_order":0,"comment_status":"closed","ping_status":"closed","template":"","meta":{"footnotes":""},"class_list":["post-961","page","type-page","status-publish","hentry"],"aioseo_notices":[],"_links":{"self":[{"href":"https:\/\/bergetalent.es\/en\/wp-json\/wp\/v2\/pages\/961","targetHints":{"allow":["GET"]}}],"collection":[{"href":"https:\/\/bergetalent.es\/en\/wp-json\/wp\/v2\/pages"}],"about":[{"href":"https:\/\/bergetalent.es\/en\/wp-json\/wp\/v2\/types\/page"}],"author":[{"embeddable":true,"href":"https:\/\/bergetalent.es\/en\/wp-json\/wp\/v2\/users\/8"}],"replies":[{"embeddable":true,"href":"https:\/\/bergetalent.es\/en\/wp-json\/wp\/v2\/comments?post=961"}],"version-history":[{"count":12,"href":"https:\/\/bergetalent.es\/en\/wp-json\/wp\/v2\/pages\/961\/revisions"}],"predecessor-version":[{"id":3095,"href":"https:\/\/bergetalent.es\/en\/wp-json\/wp\/v2\/pages\/961\/revisions\/3095"}],"up":[{"embeddable":true,"href":"https:\/\/bergetalent.es\/en\/wp-json\/wp\/v2\/pages\/958"}],"wp:attachment":[{"href":"https:\/\/bergetalent.es\/en\/wp-json\/wp\/v2\/media?parent=961"}],"curies":[{"name":"wp","href":"https:\/\/api.w.org\/{rel}","templated":true}]}}